{"id":69344,"date":"2026-03-24T11:08:10","date_gmt":"2026-03-24T11:08:10","guid":{"rendered":"https:\/\/urboowhome.com\/?page_id=69344"},"modified":"2026-03-24T15:52:55","modified_gmt":"2026-03-24T15:52:55","slug":"resolucao-alternativa-de-litigios","status":"publish","type":"page","link":"https:\/\/urboowhome.com\/index.php\/resolucao-alternativa-de-litigios\/","title":{"rendered":"Resolu\u00e7\u00e3o Alternativa de Lit\u00edgios"},"content":{"rendered":"\t\t<div data-elementor-type=\"wp-page\" data-elementor-id=\"69344\" class=\"elementor elementor-69344\">\n\t\t\t\t<div class=\"elementor-element elementor-element-248e00d8 e-flex e-con-boxed e-con e-parent\" data-id=\"248e00d8\" data-element_type=\"container\">\n\t\t\t\t\t<div class=\"e-con-inner\">\n\t\t\t\t<div class=\"elementor-element elementor-element-678ddfd4 elementor-widget elementor-widget-text-editor\" data-id=\"678ddfd4\" data-element_type=\"widget\" data-widget_type=\"text-editor.default\">\n\t\t\t\t\t\t\t\t\t<h2 class=\"wp-block-heading\">O que fazer em caso de lit\u00edgio?<\/h2>\n<div>\u00a0<\/div>\n<p><!-- \/wp:heading --><!-- wp:paragraph --><\/p>\n<p><!-- \/wp:paragraph --><!-- wp:paragraph --><\/p>\n<p>Em caso de lit\u00edgio de consumo, o consumidor pode recorrer a uma entidade de resolu\u00e7\u00e3o alternativa de lit\u00edgios de consumo.<\/p>\n<p>\u00a0<\/p>\n<p><!-- \/wp:paragraph --><!-- wp:paragraph --><\/p>\n<p><!-- \/wp:paragraph --><!-- wp:paragraph --><\/p>\n<p>Pode consultar a lista de entidades dispon\u00edveis em:<br \/><a href=\"https:\/\/www.consumidor.gov.pt\" target=\"_blank\" rel=\"noopener\"><i><u>Dire\u00e7\u00e3o-Geral Consumidor<\/u><\/i><\/a><\/p>\n<p>\u00a0<\/p>\n<p><!-- \/wp:paragraph --><!-- wp:paragraph --><\/p>\n<p><!-- \/wp:paragraph --><!-- wp:paragraph --><\/p>\n<p><strong>Entidade sugerida:<\/strong><br \/><a href=\"https:\/\/www.cniacc.pt\/pt\/\" target=\"_blank\" rel=\"noopener\"><i><u>Centro Nacional de Informa\u00e7\u00e3o e Arbitragem de Conflitos de Consumo<\/u><\/i><\/a><\/p>\n<p><!-- \/wp:paragraph --><!-- wp:paragraph --><\/p>\n<p>Mais informa\u00e7\u00f5es em: <a href=\"https:\/\/www.consumidor.gov.pt\" target=\"_blank\" rel=\"noopener\"><i><u>Dire\u00e7\u00e3o-Geral Consumidor<\/u><\/i><\/a><\/p>\n<p><!-- \/wp:paragraph --><!-- wp:paragraph --><\/p>\n<p><!-- \/wp:paragraph --><!-- wp:heading --><\/p>\n<h2 class=\"wp-block-heading\">Precisa de mais ajuda?<\/h2>\n<div>\u00a0<\/div>\n<p><!-- \/wp:heading --><!-- wp:paragraph --><\/p>\n<p>Contacte-nos atrav\u00e9s do n\u00famero<mark class=\"has-inline-color has-vivid-cyan-blue-color\" style=\"background-color: rgba(0, 0, 0, 0);\"> 232 817 614<\/mark> ou envie-nos um email para <mark class=\"has-inline-color has-vivid-cyan-blue-color\" style=\"background-color: rgba(0, 0, 0, 0);\">geral@urboowhome.com<\/mark><\/p>\n<p><mark class=\"has-inline-color has-vivid-cyan-blue-color\" style=\"background-color: rgba(0, 0, 0, 0);\">\u00a0<\/mark><\/p>\n<p><mark class=\"has-inline-color has-vivid-cyan-blue-color\" style=\"background-color: rgba(0, 0, 0, 0);\">\u00a0<\/mark><\/p>\n<p><mark class=\"has-inline-color has-vivid-cyan-blue-color\" style=\"background-color: rgba(0, 0, 0, 0);\">\u00a0<\/mark><\/p>\n<p>\u00a0<\/p>\n<p><!-- \/wp:paragraph --><!-- wp:paragraph --><\/p>\n<p><!-- \/wp:paragraph --><\/p>\t\t\t\t\t\t\t\t<\/div>\n\t\t\t\t\t<\/div>\n\t\t\t\t<\/div>\n\t\t\t\t<\/div>\n\t\t","protected":false},"excerpt":{"rendered":"<p>O que fazer em caso de lit\u00edgio? \u00a0 Em caso de lit\u00edgio de consumo, o consumidor pode recorrer a uma entidade de resolu\u00e7\u00e3o alternativa de lit\u00edgios de consumo. \u00a0 Pode consultar a lista de entidades dispon\u00edveis em:Dire\u00e7\u00e3o-Geral Consumidor \u00a0 Entidade sugerida:Centro Nacional de Informa\u00e7\u00e3o e Arbitragem de Conflitos de Consumo Mais informa\u00e7\u00f5es em: Dire\u00e7\u00e3o-Geral Consumidor [&hellip;]<\/p>\n","protected":false},"author":1,"featured_media":0,"parent":0,"menu_order":0,"comment_status":"closed","ping_status":"closed","template":"","meta":{"footnotes":""},"class_list":["post-69344","page","type-page","status-publish","hentry"],"_links":{"self":[{"href":"https:\/\/urboowhome.com\/index.php\/wp-json\/wp\/v2\/pages\/69344","targetHints":{"allow":["GET"]}}],"collection":[{"href":"https:\/\/urboowhome.com\/index.php\/wp-json\/wp\/v2\/pages"}],"about":[{"href":"https:\/\/urboowhome.com\/index.php\/wp-json\/wp\/v2\/types\/page"}],"author":[{"embeddable":true,"href":"https:\/\/urboowhome.com\/index.php\/wp-json\/wp\/v2\/users\/1"}],"replies":[{"embeddable":true,"href":"https:\/\/urboowhome.com\/index.php\/wp-json\/wp\/v2\/comments?post=69344"}],"version-history":[{"count":27,"href":"https:\/\/urboowhome.com\/index.php\/wp-json\/wp\/v2\/pages\/69344\/revisions"}],"predecessor-version":[{"id":69471,"href":"https:\/\/urboowhome.com\/index.php\/wp-json\/wp\/v2\/pages\/69344\/revisions\/69471"}],"wp:attachment":[{"href":"https:\/\/urboowhome.com\/index.php\/wp-json\/wp\/v2\/media?parent=69344"}],"curies":[{"name":"wp","href":"https:\/\/api.w.org\/{rel}","templated":true}]}}