{"id":66655,"date":"2025-08-07T13:27:29","date_gmt":"2025-08-07T13:27:29","guid":{"rendered":"https:\/\/urboowfb.com\/index.php\/produto\/artist-25\/"},"modified":"2026-05-08T15:30:22","modified_gmt":"2026-05-08T15:30:22","slug":"artist-25","status":"publish","type":"product","link":"https:\/\/urboowhome.com\/index.php\/produto\/artist-25\/","title":{"rendered":"Artist 25"},"content":{"rendered":"","protected":false},"excerpt":{"rendered":"<p>Com o seu design contempor\u00e2neo e forma simples, o premiado Artist \u00e9 um belo candidato a um futuro cl\u00e1ssico. O painel LED incorporado \u00e9 coberto por uma sombra opalizada que suaviza e difunde a luz. Como o nome sugere, o design \u00e9 inspirado no mundo da m\u00fasica &#8211; por um prato de bateria. Design de B\u00f8nnelycke MDD.<\/p>\n","protected":false},"featured_media":66654,"comment_status":"open","ping_status":"closed","template":"","meta":[],"product_brand":[],"product_cat":[115],"product_tag":[116],"class_list":{"0":"post-66655","1":"product","2":"type-product","3":"status-publish","4":"has-post-thumbnail","6":"product_cat-pendentes","7":"product_tag-artist","10":"first","11":"instock","12":"featured","13":"shipping-taxable","14":"purchasable","15":"product-type-simple"},"_links":{"self":[{"href":"https:\/\/urboowhome.com\/index.php\/wp-json\/wp\/v2\/product\/66655","targetHints":{"allow":["GET"]}}],"collection":[{"href":"https:\/\/urboowhome.com\/index.php\/wp-json\/wp\/v2\/product"}],"about":[{"href":"https:\/\/urboowhome.com\/index.php\/wp-json\/wp\/v2\/types\/product"}],"replies":[{"embeddable":true,"href":"https:\/\/urboowhome.com\/index.php\/wp-json\/wp\/v2\/comments?post=66655"}],"wp:featuredmedia":[{"embeddable":true,"href":"https:\/\/urboowhome.com\/index.php\/wp-json\/wp\/v2\/media\/66654"}],"wp:attachment":[{"href":"https:\/\/urboowhome.com\/index.php\/wp-json\/wp\/v2\/media?parent=66655"}],"wp:term":[{"taxonomy":"product_brand","embeddable":true,"href":"https:\/\/urboowhome.com\/index.php\/wp-json\/wp\/v2\/product_brand?post=66655"},{"taxonomy":"product_cat","embeddable":true,"href":"https:\/\/urboowhome.com\/index.php\/wp-json\/wp\/v2\/product_cat?post=66655"},{"taxonomy":"product_tag","embeddable":true,"href":"https:\/\/urboowhome.com\/index.php\/wp-json\/wp\/v2\/product_tag?post=66655"}],"curies":[{"name":"wp","href":"https:\/\/api.w.org\/{rel}","templated":true}]}}