{"id":66658,"date":"2025-08-07T13:27:30","date_gmt":"2025-08-07T13:27:30","guid":{"rendered":"https:\/\/urboowfb.com\/index.php\/produto\/artist-40\/"},"modified":"2026-03-23T17:31:27","modified_gmt":"2026-03-23T17:31:27","slug":"artist-40","status":"publish","type":"product","link":"https:\/\/urboowhome.com\/index.php\/produto\/artist-40\/","title":{"rendered":"Artist 40"},"content":{"rendered":"","protected":false},"excerpt":{"rendered":"<p>Com o seu design contempor\u00e2neo e forma simples, o premiado Artist \u00e9 um belo candidato a um futuro cl\u00e1ssico. O painel LED incorporado \u00e9 coberto por uma sombra opalizada que suaviza e difunde a luz. Como o nome sugere, o design \u00e9 inspirado no mundo da m\u00fasica &#8211; por um prato de bateria. Design de B\u00f8nnelycke MDD.<\/p>\n","protected":false},"featured_media":66654,"comment_status":"open","ping_status":"closed","template":"","meta":[],"product_brand":[],"product_cat":[115],"product_tag":[117,118],"class_list":{"0":"post-66658","1":"product","2":"type-product","3":"status-publish","4":"has-post-thumbnail","6":"product_cat-pendentes","7":"product_tag-117","8":"product_tag-artist-40","11":"first","12":"instock","13":"featured","14":"shipping-taxable","15":"purchasable","16":"product-type-simple"},"_links":{"self":[{"href":"https:\/\/urboowhome.com\/index.php\/wp-json\/wp\/v2\/product\/66658","targetHints":{"allow":["GET"]}}],"collection":[{"href":"https:\/\/urboowhome.com\/index.php\/wp-json\/wp\/v2\/product"}],"about":[{"href":"https:\/\/urboowhome.com\/index.php\/wp-json\/wp\/v2\/types\/product"}],"replies":[{"embeddable":true,"href":"https:\/\/urboowhome.com\/index.php\/wp-json\/wp\/v2\/comments?post=66658"}],"wp:featuredmedia":[{"embeddable":true,"href":"https:\/\/urboowhome.com\/index.php\/wp-json\/wp\/v2\/media\/66654"}],"wp:attachment":[{"href":"https:\/\/urboowhome.com\/index.php\/wp-json\/wp\/v2\/media?parent=66658"}],"wp:term":[{"taxonomy":"product_brand","embeddable":true,"href":"https:\/\/urboowhome.com\/index.php\/wp-json\/wp\/v2\/product_brand?post=66658"},{"taxonomy":"product_cat","embeddable":true,"href":"https:\/\/urboowhome.com\/index.php\/wp-json\/wp\/v2\/product_cat?post=66658"},{"taxonomy":"product_tag","embeddable":true,"href":"https:\/\/urboowhome.com\/index.php\/wp-json\/wp\/v2\/product_tag?post=66658"}],"curies":[{"name":"wp","href":"https:\/\/api.w.org\/{rel}","templated":true}]}}