{"id":66660,"date":"2025-08-07T13:27:31","date_gmt":"2025-08-07T13:27:31","guid":{"rendered":"https:\/\/urboowfb.com\/index.php\/produto\/alton-25\/"},"modified":"2026-03-23T17:27:15","modified_gmt":"2026-03-23T17:27:15","slug":"alton-25","status":"publish","type":"product","link":"https:\/\/urboowhome.com\/index.php\/produto\/alton-25\/","title":{"rendered":"Alton 25"},"content":{"rendered":"","protected":false},"excerpt":{"rendered":"<p>Em vidro fumado, o Alton cria uma bela coer\u00eancia entre o acabamento e a forma arredondada, o que torna a fam\u00edlia extremamente elegante. O vidro cor de fumado ou opalino e as formas delicadas adicionam um brilho suave e quente \u00e0 luz, resultando numa ilumina\u00e7\u00e3o agrad\u00e1vel.<\/p>\n","protected":false},"featured_media":66659,"comment_status":"open","ping_status":"closed","template":"","meta":[],"product_brand":[],"product_cat":[115],"product_tag":[],"class_list":{"0":"post-66660","1":"product","2":"type-product","3":"status-publish","4":"has-post-thumbnail","6":"product_cat-pendentes","9":"first","10":"instock","11":"featured","12":"shipping-taxable","13":"purchasable","14":"product-type-simple"},"_links":{"self":[{"href":"https:\/\/urboowhome.com\/index.php\/wp-json\/wp\/v2\/product\/66660","targetHints":{"allow":["GET"]}}],"collection":[{"href":"https:\/\/urboowhome.com\/index.php\/wp-json\/wp\/v2\/product"}],"about":[{"href":"https:\/\/urboowhome.com\/index.php\/wp-json\/wp\/v2\/types\/product"}],"replies":[{"embeddable":true,"href":"https:\/\/urboowhome.com\/index.php\/wp-json\/wp\/v2\/comments?post=66660"}],"wp:featuredmedia":[{"embeddable":true,"href":"https:\/\/urboowhome.com\/index.php\/wp-json\/wp\/v2\/media\/66659"}],"wp:attachment":[{"href":"https:\/\/urboowhome.com\/index.php\/wp-json\/wp\/v2\/media?parent=66660"}],"wp:term":[{"taxonomy":"product_brand","embeddable":true,"href":"https:\/\/urboowhome.com\/index.php\/wp-json\/wp\/v2\/product_brand?post=66660"},{"taxonomy":"product_cat","embeddable":true,"href":"https:\/\/urboowhome.com\/index.php\/wp-json\/wp\/v2\/product_cat?post=66660"},{"taxonomy":"product_tag","embeddable":true,"href":"https:\/\/urboowhome.com\/index.php\/wp-json\/wp\/v2\/product_tag?post=66660"}],"curies":[{"name":"wp","href":"https:\/\/api.w.org\/{rel}","templated":true}]}}