{"id":66664,"date":"2025-08-07T13:27:34","date_gmt":"2025-08-07T13:27:34","guid":{"rendered":"https:\/\/urboowfb.com\/index.php\/produto\/grant\/"},"modified":"2026-03-23T17:27:15","modified_gmt":"2026-03-23T17:27:15","slug":"grant","status":"publish","type":"product","link":"https:\/\/urboowhome.com\/index.php\/produto\/grant\/","title":{"rendered":"Grant"},"content":{"rendered":"","protected":false},"excerpt":{"rendered":"<p>O aplique de parede Grant equilibra simplicidade e eleg\u00e2ncia da melhor maneira imagin\u00e1vel.<br \/>\nA bel\u00edssima c\u00fapula de vidro luminoso \u00e9 encerrada dentro da sua estrutura, criando um todo completo decorativo.<br \/>\nAo mesmo tempo, o Grant contribui para uma das tend\u00eancias de design de hoje com o uso de (metal) lat\u00e3o e vidro.<\/p>\n","protected":false},"featured_media":66663,"comment_status":"open","ping_status":"closed","template":"","meta":[],"product_brand":[],"product_cat":[119],"product_tag":[],"class_list":{"0":"post-66664","1":"product","2":"type-product","3":"status-publish","4":"has-post-thumbnail","6":"product_cat-parede","9":"first","10":"instock","11":"featured","12":"shipping-taxable","13":"purchasable","14":"product-type-simple"},"_links":{"self":[{"href":"https:\/\/urboowhome.com\/index.php\/wp-json\/wp\/v2\/product\/66664","targetHints":{"allow":["GET"]}}],"collection":[{"href":"https:\/\/urboowhome.com\/index.php\/wp-json\/wp\/v2\/product"}],"about":[{"href":"https:\/\/urboowhome.com\/index.php\/wp-json\/wp\/v2\/types\/product"}],"replies":[{"embeddable":true,"href":"https:\/\/urboowhome.com\/index.php\/wp-json\/wp\/v2\/comments?post=66664"}],"wp:featuredmedia":[{"embeddable":true,"href":"https:\/\/urboowhome.com\/index.php\/wp-json\/wp\/v2\/media\/66663"}],"wp:attachment":[{"href":"https:\/\/urboowhome.com\/index.php\/wp-json\/wp\/v2\/media?parent=66664"}],"wp:term":[{"taxonomy":"product_brand","embeddable":true,"href":"https:\/\/urboowhome.com\/index.php\/wp-json\/wp\/v2\/product_brand?post=66664"},{"taxonomy":"product_cat","embeddable":true,"href":"https:\/\/urboowhome.com\/index.php\/wp-json\/wp\/v2\/product_cat?post=66664"},{"taxonomy":"product_tag","embeddable":true,"href":"https:\/\/urboowhome.com\/index.php\/wp-json\/wp\/v2\/product_tag?post=66664"}],"curies":[{"name":"wp","href":"https:\/\/api.w.org\/{rel}","templated":true}]}}