{"id":66673,"date":"2025-08-07T13:27:39","date_gmt":"2025-08-07T13:27:39","guid":{"rendered":"https:\/\/urboowfb.com\/index.php\/produto\/helix-2\/"},"modified":"2026-03-23T17:27:15","modified_gmt":"2026-03-23T17:27:15","slug":"helix-2","status":"publish","type":"product","link":"https:\/\/urboowhome.com\/index.php\/produto\/helix-2\/","title":{"rendered":"Helix"},"content":{"rendered":"","protected":false},"excerpt":{"rendered":"<p>Helix ilumina as \u00e1reas exteriores com o seu design distinto. Os parafusos s\u00e3o vis\u00edveis e o acabamento exala uma confian\u00e7a crua. A l\u00e2mpada propriamente dita est\u00e1 escondida do olhar. Vem de baixo e assegura uma ilumina\u00e7\u00e3o indireta, que \u00e9 distribu\u00edda uniformemente na parte superior do candeeiro. Design de B\u00f8nnelycke MDD.<\/p>\n<p>\u00c9 poss\u00edvel adquirir uma base para ilumina\u00e7\u00e3o de coluna adequada a este produto.<\/p>\n<p>O corten \u00e9 um material robusto e resistente \u00e0s intemp\u00e9ries, o que torna o candeeiro adequado para zonas costeiras adversas.<\/p>\n","protected":false},"featured_media":66672,"comment_status":"open","ping_status":"closed","template":"","meta":[],"product_brand":[],"product_cat":[121],"product_tag":[],"class_list":{"0":"post-66673","1":"product","2":"type-product","3":"status-publish","4":"has-post-thumbnail","6":"product_cat-jardim","9":"first","10":"instock","11":"featured","12":"shipping-taxable","13":"purchasable","14":"product-type-simple"},"_links":{"self":[{"href":"https:\/\/urboowhome.com\/index.php\/wp-json\/wp\/v2\/product\/66673","targetHints":{"allow":["GET"]}}],"collection":[{"href":"https:\/\/urboowhome.com\/index.php\/wp-json\/wp\/v2\/product"}],"about":[{"href":"https:\/\/urboowhome.com\/index.php\/wp-json\/wp\/v2\/types\/product"}],"replies":[{"embeddable":true,"href":"https:\/\/urboowhome.com\/index.php\/wp-json\/wp\/v2\/comments?post=66673"}],"wp:featuredmedia":[{"embeddable":true,"href":"https:\/\/urboowhome.com\/index.php\/wp-json\/wp\/v2\/media\/66672"}],"wp:attachment":[{"href":"https:\/\/urboowhome.com\/index.php\/wp-json\/wp\/v2\/media?parent=66673"}],"wp:term":[{"taxonomy":"product_brand","embeddable":true,"href":"https:\/\/urboowhome.com\/index.php\/wp-json\/wp\/v2\/product_brand?post=66673"},{"taxonomy":"product_cat","embeddable":true,"href":"https:\/\/urboowhome.com\/index.php\/wp-json\/wp\/v2\/product_cat?post=66673"},{"taxonomy":"product_tag","embeddable":true,"href":"https:\/\/urboowhome.com\/index.php\/wp-json\/wp\/v2\/product_tag?post=66673"}],"curies":[{"name":"wp","href":"https:\/\/api.w.org\/{rel}","templated":true}]}}