{"id":66676,"date":"2025-08-07T13:27:42","date_gmt":"2025-08-07T13:27:42","guid":{"rendered":"https:\/\/urboowfb.com\/index.php\/produto\/tilos\/"},"modified":"2026-03-23T17:27:15","modified_gmt":"2026-03-23T17:27:15","slug":"tilos","status":"publish","type":"product","link":"https:\/\/urboowhome.com\/index.php\/produto\/tilos\/","title":{"rendered":"Tilos"},"content":{"rendered":"","protected":false},"excerpt":{"rendered":"<p>O candeeiro de p\u00e9 exterior \u00e9 fabricado em a\u00e7o inoxid\u00e1vel robusto e vidro. O candeeiro permite-lhe determinar a dire\u00e7\u00e3o da luz rodando a pe\u00e7a superior. Trata-se de um candeeiro que se integra de forma neutra no ambiente e proporciona uma luz agrad\u00e1vel.<\/p>\n<p>Manuten\u00e7\u00e3o: Tratar com \u00f3leo sem \u00e1cido 3 a 4 vezes por ano. N\u00e3o recomendamos a utiliza\u00e7\u00e3o de candeeiros em a\u00e7o inoxid\u00e1vel em ambientes agressivos.<\/p>\n","protected":false},"featured_media":66675,"comment_status":"open","ping_status":"closed","template":"","meta":[],"product_brand":[],"product_cat":[122],"product_tag":[],"class_list":{"0":"post-66676","1":"product","2":"type-product","3":"status-publish","4":"has-post-thumbnail","6":"product_cat-pavimento","9":"first","10":"instock","11":"featured","12":"shipping-taxable","13":"purchasable","14":"product-type-simple"},"_links":{"self":[{"href":"https:\/\/urboowhome.com\/index.php\/wp-json\/wp\/v2\/product\/66676","targetHints":{"allow":["GET"]}}],"collection":[{"href":"https:\/\/urboowhome.com\/index.php\/wp-json\/wp\/v2\/product"}],"about":[{"href":"https:\/\/urboowhome.com\/index.php\/wp-json\/wp\/v2\/types\/product"}],"replies":[{"embeddable":true,"href":"https:\/\/urboowhome.com\/index.php\/wp-json\/wp\/v2\/comments?post=66676"}],"wp:featuredmedia":[{"embeddable":true,"href":"https:\/\/urboowhome.com\/index.php\/wp-json\/wp\/v2\/media\/66675"}],"wp:attachment":[{"href":"https:\/\/urboowhome.com\/index.php\/wp-json\/wp\/v2\/media?parent=66676"}],"wp:term":[{"taxonomy":"product_brand","embeddable":true,"href":"https:\/\/urboowhome.com\/index.php\/wp-json\/wp\/v2\/product_brand?post=66676"},{"taxonomy":"product_cat","embeddable":true,"href":"https:\/\/urboowhome.com\/index.php\/wp-json\/wp\/v2\/product_cat?post=66676"},{"taxonomy":"product_tag","embeddable":true,"href":"https:\/\/urboowhome.com\/index.php\/wp-json\/wp\/v2\/product_tag?post=66676"}],"curies":[{"name":"wp","href":"https:\/\/api.w.org\/{rel}","templated":true}]}}