{"id":66678,"date":"2025-08-07T13:27:44","date_gmt":"2025-08-07T13:27:44","guid":{"rendered":"https:\/\/urboowfb.com\/index.php\/produto\/spotlight\/"},"modified":"2026-03-23T17:27:15","modified_gmt":"2026-03-23T17:27:15","slug":"spotlight","status":"publish","type":"product","link":"https:\/\/urboowhome.com\/index.php\/produto\/spotlight\/","title":{"rendered":"Spotlight"},"content":{"rendered":"","protected":false},"excerpt":{"rendered":"<p>O Spotlight da Nordlux \u00e9 uma op\u00e7\u00e3o nova e inteligente para a ilumina\u00e7\u00e3o exterior da sua casa. A luz \u00e9 feita de alum\u00ednio e pode suportar a maioria dos ambientes exteriores. Utilize-o para iluminar a sua casa, o seu jardim ou para obter uma entrada de garagem bem iluminada.<\/p>\n","protected":false},"featured_media":66677,"comment_status":"open","ping_status":"closed","template":"","meta":[],"product_brand":[],"product_cat":[123,124],"product_tag":[],"class_list":{"0":"post-66678","1":"product","2":"type-product","3":"status-publish","4":"has-post-thumbnail","6":"product_cat-spot","7":"product_cat-wall-washers","10":"first","11":"instock","12":"featured","13":"shipping-taxable","14":"purchasable","15":"product-type-simple"},"_links":{"self":[{"href":"https:\/\/urboowhome.com\/index.php\/wp-json\/wp\/v2\/product\/66678","targetHints":{"allow":["GET"]}}],"collection":[{"href":"https:\/\/urboowhome.com\/index.php\/wp-json\/wp\/v2\/product"}],"about":[{"href":"https:\/\/urboowhome.com\/index.php\/wp-json\/wp\/v2\/types\/product"}],"replies":[{"embeddable":true,"href":"https:\/\/urboowhome.com\/index.php\/wp-json\/wp\/v2\/comments?post=66678"}],"wp:featuredmedia":[{"embeddable":true,"href":"https:\/\/urboowhome.com\/index.php\/wp-json\/wp\/v2\/media\/66677"}],"wp:attachment":[{"href":"https:\/\/urboowhome.com\/index.php\/wp-json\/wp\/v2\/media?parent=66678"}],"wp:term":[{"taxonomy":"product_brand","embeddable":true,"href":"https:\/\/urboowhome.com\/index.php\/wp-json\/wp\/v2\/product_brand?post=66678"},{"taxonomy":"product_cat","embeddable":true,"href":"https:\/\/urboowhome.com\/index.php\/wp-json\/wp\/v2\/product_cat?post=66678"},{"taxonomy":"product_tag","embeddable":true,"href":"https:\/\/urboowhome.com\/index.php\/wp-json\/wp\/v2\/product_tag?post=66678"}],"curies":[{"name":"wp","href":"https:\/\/api.w.org\/{rel}","templated":true}]}}