{"id":66685,"date":"2025-08-07T13:27:53","date_gmt":"2025-08-07T13:27:53","guid":{"rendered":"https:\/\/urboowfb.com\/index.php\/produto\/angle-e27\/"},"modified":"2026-03-23T17:27:15","modified_gmt":"2026-03-23T17:27:15","slug":"angle-e27","status":"publish","type":"product","link":"https:\/\/urboowhome.com\/index.php\/produto\/angle-e27\/","title":{"rendered":"Angle E27"},"content":{"rendered":"","protected":false},"excerpt":{"rendered":"<p>O Angle \u00e9 um equipamento contempor\u00e2neo e exclusivo com um aspecto semi-industrial.<br \/>\nPossui capacidade de determinar a dire\u00e7\u00e3o da luz por meio do \u00edman montado no cabo. Fica \u00f3timo em grupos de v\u00e1rias unidades com \u00e2ngulos diferentes. Cria uma express\u00e3o deslumbrante e adiciona um pouco de arrojo a qualquer divis\u00e3o.<\/p>\n","protected":false},"featured_media":66684,"comment_status":"open","ping_status":"closed","template":"","meta":[],"product_brand":[],"product_cat":[115],"product_tag":[125],"class_list":{"0":"post-66685","1":"product","2":"type-product","3":"status-publish","4":"has-post-thumbnail","6":"product_cat-pendentes","7":"product_tag-angle","10":"first","11":"instock","12":"featured","13":"shipping-taxable","14":"purchasable","15":"product-type-simple"},"_links":{"self":[{"href":"https:\/\/urboowhome.com\/index.php\/wp-json\/wp\/v2\/product\/66685","targetHints":{"allow":["GET"]}}],"collection":[{"href":"https:\/\/urboowhome.com\/index.php\/wp-json\/wp\/v2\/product"}],"about":[{"href":"https:\/\/urboowhome.com\/index.php\/wp-json\/wp\/v2\/types\/product"}],"replies":[{"embeddable":true,"href":"https:\/\/urboowhome.com\/index.php\/wp-json\/wp\/v2\/comments?post=66685"}],"wp:featuredmedia":[{"embeddable":true,"href":"https:\/\/urboowhome.com\/index.php\/wp-json\/wp\/v2\/media\/66684"}],"wp:attachment":[{"href":"https:\/\/urboowhome.com\/index.php\/wp-json\/wp\/v2\/media?parent=66685"}],"wp:term":[{"taxonomy":"product_brand","embeddable":true,"href":"https:\/\/urboowhome.com\/index.php\/wp-json\/wp\/v2\/product_brand?post=66685"},{"taxonomy":"product_cat","embeddable":true,"href":"https:\/\/urboowhome.com\/index.php\/wp-json\/wp\/v2\/product_cat?post=66685"},{"taxonomy":"product_tag","embeddable":true,"href":"https:\/\/urboowhome.com\/index.php\/wp-json\/wp\/v2\/product_tag?post=66685"}],"curies":[{"name":"wp","href":"https:\/\/api.w.org\/{rel}","templated":true}]}}