{"id":66699,"date":"2025-08-07T13:28:09","date_gmt":"2025-08-07T13:28:09","guid":{"rendered":"https:\/\/urboowfb.com\/index.php\/produto\/alton-25-2\/"},"modified":"2026-03-23T17:27:15","modified_gmt":"2026-03-23T17:27:15","slug":"alton-25-2","status":"publish","type":"product","link":"https:\/\/urboowhome.com\/index.php\/produto\/alton-25-2\/","title":{"rendered":"Alton 25"},"content":{"rendered":"","protected":false},"excerpt":{"rendered":"<p>A Alton \u00e9 um candeeiro que irradia sofistica\u00e7\u00e3o e modernidade. Com vidro fumado, combina de forma harmoniosa o topo preto com o formato redondo, criando uma est\u00e9tica extremamente elegante. O vidro fumado e as linhas delicadas proporcionam uma ilumina\u00e7\u00e3o suave e acolhedora, emitindo um brilho quente e agrad\u00e1vel.<\/p>\n<p>O uso de vidro \u00e9 uma forte tend\u00eancia na decora\u00e7\u00e3o de interiores, e a combina\u00e7\u00e3o com o metal preto mate d\u00e1 \u00e0 s\u00e9rie Alton um aspeto requintado e contempor\u00e2neo.<\/p>\n<p>Cada pe\u00e7a \u00e9 \u00fanica, j\u00e1 que o vidro \u00e9 soprado \u00e0 boca e fabricado artesanalmente. Este processo exclusivo pode originar pequenas bolhas de ar no vidro, bem como varia\u00e7\u00f5es na sua espessura. Estes pormenores conferem car\u00e1cter ao material, tornando-o ainda mais aut\u00eantico e visualmente\u00a0marcante.<\/p>\n","protected":false},"featured_media":66698,"comment_status":"open","ping_status":"closed","template":"","meta":[],"product_brand":[],"product_cat":[115],"product_tag":[],"class_list":{"0":"post-66699","1":"product","2":"type-product","3":"status-publish","4":"has-post-thumbnail","6":"product_cat-pendentes","9":"first","10":"instock","11":"featured","12":"shipping-taxable","13":"purchasable","14":"product-type-simple"},"_links":{"self":[{"href":"https:\/\/urboowhome.com\/index.php\/wp-json\/wp\/v2\/product\/66699","targetHints":{"allow":["GET"]}}],"collection":[{"href":"https:\/\/urboowhome.com\/index.php\/wp-json\/wp\/v2\/product"}],"about":[{"href":"https:\/\/urboowhome.com\/index.php\/wp-json\/wp\/v2\/types\/product"}],"replies":[{"embeddable":true,"href":"https:\/\/urboowhome.com\/index.php\/wp-json\/wp\/v2\/comments?post=66699"}],"wp:featuredmedia":[{"embeddable":true,"href":"https:\/\/urboowhome.com\/index.php\/wp-json\/wp\/v2\/media\/66698"}],"wp:attachment":[{"href":"https:\/\/urboowhome.com\/index.php\/wp-json\/wp\/v2\/media?parent=66699"}],"wp:term":[{"taxonomy":"product_brand","embeddable":true,"href":"https:\/\/urboowhome.com\/index.php\/wp-json\/wp\/v2\/product_brand?post=66699"},{"taxonomy":"product_cat","embeddable":true,"href":"https:\/\/urboowhome.com\/index.php\/wp-json\/wp\/v2\/product_cat?post=66699"},{"taxonomy":"product_tag","embeddable":true,"href":"https:\/\/urboowhome.com\/index.php\/wp-json\/wp\/v2\/product_tag?post=66699"}],"curies":[{"name":"wp","href":"https:\/\/api.w.org\/{rel}","templated":true}]}}