{"id":66702,"date":"2025-08-07T13:28:11","date_gmt":"2025-08-07T13:28:11","guid":{"rendered":"https:\/\/urboowfb.com\/index.php\/produto\/alton-35\/"},"modified":"2026-03-23T17:27:15","modified_gmt":"2026-03-23T17:27:15","slug":"alton-35","status":"publish","type":"product","link":"https:\/\/urboowhome.com\/index.php\/produto\/alton-35\/","title":{"rendered":"Alton 35"},"content":{"rendered":"","protected":false},"excerpt":{"rendered":"<p>Em vidro fumado, o Alton cria uma bela coer\u00eancia entre o topo preto e a forma arredondada fluida, tornando a gama extremamente elegante. O vidro fumado e as formas delicadas adicionam um brilho suave e quente \u00e0 luz, proporcionando uma ilumina\u00e7\u00e3o agrad\u00e1vel. O vidro \u00e9 uma grande tend\u00eancia na decora\u00e7\u00e3o, e a combina\u00e7\u00e3o de vidro com o metal preto mate d\u00e1 ao Alton uma apar\u00eancia sofisticada.<\/p>\n<p>O vidro deste candeeiro \u00e9 soprado \u00e0 boca e produzido manualmente, pe\u00e7a por pe\u00e7a. Devido a este processo \u00fanico, podem surgir pequenas bolhas de ar no vidro e a espessura do material pode variar. Estas caracter\u00edsticas conferem ao vidro o seu car\u00e1ter \u00fanico e uma\u00a0apar\u00eancia\u00a0viva.<\/p>\n","protected":false},"featured_media":66701,"comment_status":"open","ping_status":"closed","template":"","meta":[],"product_brand":[],"product_cat":[115],"product_tag":[127],"class_list":{"0":"post-66702","1":"product","2":"type-product","3":"status-publish","4":"has-post-thumbnail","6":"product_cat-pendentes","7":"product_tag-alton-35","10":"first","11":"instock","12":"featured","13":"shipping-taxable","14":"purchasable","15":"product-type-simple"},"_links":{"self":[{"href":"https:\/\/urboowhome.com\/index.php\/wp-json\/wp\/v2\/product\/66702","targetHints":{"allow":["GET"]}}],"collection":[{"href":"https:\/\/urboowhome.com\/index.php\/wp-json\/wp\/v2\/product"}],"about":[{"href":"https:\/\/urboowhome.com\/index.php\/wp-json\/wp\/v2\/types\/product"}],"replies":[{"embeddable":true,"href":"https:\/\/urboowhome.com\/index.php\/wp-json\/wp\/v2\/comments?post=66702"}],"wp:featuredmedia":[{"embeddable":true,"href":"https:\/\/urboowhome.com\/index.php\/wp-json\/wp\/v2\/media\/66701"}],"wp:attachment":[{"href":"https:\/\/urboowhome.com\/index.php\/wp-json\/wp\/v2\/media?parent=66702"}],"wp:term":[{"taxonomy":"product_brand","embeddable":true,"href":"https:\/\/urboowhome.com\/index.php\/wp-json\/wp\/v2\/product_brand?post=66702"},{"taxonomy":"product_cat","embeddable":true,"href":"https:\/\/urboowhome.com\/index.php\/wp-json\/wp\/v2\/product_cat?post=66702"},{"taxonomy":"product_tag","embeddable":true,"href":"https:\/\/urboowhome.com\/index.php\/wp-json\/wp\/v2\/product_tag?post=66702"}],"curies":[{"name":"wp","href":"https:\/\/api.w.org\/{rel}","templated":true}]}}