{"id":66716,"date":"2025-08-07T13:28:30","date_gmt":"2025-08-07T13:28:30","guid":{"rendered":"https:\/\/urboowfb.com\/index.php\/produto\/ellen-40\/"},"modified":"2026-03-23T17:27:15","modified_gmt":"2026-03-23T17:27:15","slug":"ellen-40","status":"publish","type":"product","link":"https:\/\/urboowhome.com\/index.php\/produto\/ellen-40\/","title":{"rendered":"Ellen 40"},"content":{"rendered":"","protected":false},"excerpt":{"rendered":"<p>Com refer\u00eancias ao design escandinavo minimalista e intemporal, a Ellen enquadra-se perfeitamente na maioria dos designs de interiores. O abajur arredondado cria um contraste elegante e contempor\u00e2neo com a estrutura leve e contribui com volume visual e um amplo campo de luz. Ellen \u00e9 o candeeiro de p\u00e9 perfeito para iluminar a sua casa com uma luz suave e agrad\u00e1vel.<\/p>\n","protected":false},"featured_media":66715,"comment_status":"open","ping_status":"closed","template":"","meta":[],"product_brand":[],"product_cat":[129],"product_tag":[],"class_list":{"0":"post-66716","1":"product","2":"type-product","3":"status-publish","4":"has-post-thumbnail","6":"product_cat-chao","9":"first","10":"instock","11":"featured","12":"shipping-taxable","13":"purchasable","14":"product-type-simple"},"_links":{"self":[{"href":"https:\/\/urboowhome.com\/index.php\/wp-json\/wp\/v2\/product\/66716","targetHints":{"allow":["GET"]}}],"collection":[{"href":"https:\/\/urboowhome.com\/index.php\/wp-json\/wp\/v2\/product"}],"about":[{"href":"https:\/\/urboowhome.com\/index.php\/wp-json\/wp\/v2\/types\/product"}],"replies":[{"embeddable":true,"href":"https:\/\/urboowhome.com\/index.php\/wp-json\/wp\/v2\/comments?post=66716"}],"wp:featuredmedia":[{"embeddable":true,"href":"https:\/\/urboowhome.com\/index.php\/wp-json\/wp\/v2\/media\/66715"}],"wp:attachment":[{"href":"https:\/\/urboowhome.com\/index.php\/wp-json\/wp\/v2\/media?parent=66716"}],"wp:term":[{"taxonomy":"product_brand","embeddable":true,"href":"https:\/\/urboowhome.com\/index.php\/wp-json\/wp\/v2\/product_brand?post=66716"},{"taxonomy":"product_cat","embeddable":true,"href":"https:\/\/urboowhome.com\/index.php\/wp-json\/wp\/v2\/product_cat?post=66716"},{"taxonomy":"product_tag","embeddable":true,"href":"https:\/\/urboowhome.com\/index.php\/wp-json\/wp\/v2\/product_tag?post=66716"}],"curies":[{"name":"wp","href":"https:\/\/api.w.org\/{rel}","templated":true}]}}