{"id":66720,"date":"2025-08-07T13:28:33","date_gmt":"2025-08-07T13:28:33","guid":{"rendered":"https:\/\/urboowfb.com\/index.php\/produto\/lilly\/"},"modified":"2026-03-23T17:27:15","modified_gmt":"2026-03-23T17:27:15","slug":"lilly","status":"publish","type":"product","link":"https:\/\/urboowhome.com\/index.php\/produto\/lilly\/","title":{"rendered":"Lilly"},"content":{"rendered":"","protected":false},"excerpt":{"rendered":"<p>Lilly \u00e9 uma s\u00e9rie altamente decorativa que combina simplicidade e eleg\u00e2ncia da melhor forma poss\u00edvel. Existe uma facilidade \u00f3bvia na intera\u00e7\u00e3o entre a moldura minimalista e as elegantes c\u00fapulas de vidro luminosas, onde o vidro branco opalino deixa penetrar uma luz quente e agrad\u00e1vel.<\/p>\n<p>A intera\u00e7\u00e3o entre o lat\u00e3o escovado e o vidro opalino claro torna o pendente Lilly extremamente elegante e atinge tamb\u00e9m uma das principais tend\u00eancias de design actuais. A coloca\u00e7\u00e3o das c\u00fapulas de vidro luminoso cria um conjunto completo e decorativo e, simultaneamente, proporciona uma ilumina\u00e7\u00e3o de 36 graus em toda a divis\u00e3o.<\/p>\n","protected":false},"featured_media":66719,"comment_status":"open","ping_status":"closed","template":"","meta":[],"product_brand":[],"product_cat":[115],"product_tag":[130],"class_list":{"0":"post-66720","1":"product","2":"type-product","3":"status-publish","4":"has-post-thumbnail","6":"product_cat-pendentes","7":"product_tag-lilly","10":"first","11":"instock","12":"featured","13":"shipping-taxable","14":"purchasable","15":"product-type-simple"},"_links":{"self":[{"href":"https:\/\/urboowhome.com\/index.php\/wp-json\/wp\/v2\/product\/66720","targetHints":{"allow":["GET"]}}],"collection":[{"href":"https:\/\/urboowhome.com\/index.php\/wp-json\/wp\/v2\/product"}],"about":[{"href":"https:\/\/urboowhome.com\/index.php\/wp-json\/wp\/v2\/types\/product"}],"replies":[{"embeddable":true,"href":"https:\/\/urboowhome.com\/index.php\/wp-json\/wp\/v2\/comments?post=66720"}],"wp:featuredmedia":[{"embeddable":true,"href":"https:\/\/urboowhome.com\/index.php\/wp-json\/wp\/v2\/media\/66719"}],"wp:attachment":[{"href":"https:\/\/urboowhome.com\/index.php\/wp-json\/wp\/v2\/media?parent=66720"}],"wp:term":[{"taxonomy":"product_brand","embeddable":true,"href":"https:\/\/urboowhome.com\/index.php\/wp-json\/wp\/v2\/product_brand?post=66720"},{"taxonomy":"product_cat","embeddable":true,"href":"https:\/\/urboowhome.com\/index.php\/wp-json\/wp\/v2\/product_cat?post=66720"},{"taxonomy":"product_tag","embeddable":true,"href":"https:\/\/urboowhome.com\/index.php\/wp-json\/wp\/v2\/product_tag?post=66720"}],"curies":[{"name":"wp","href":"https:\/\/api.w.org\/{rel}","templated":true}]}}