{"id":66726,"date":"2025-08-07T13:28:40","date_gmt":"2025-08-07T13:28:40","guid":{"rendered":"https:\/\/urboowfb.com\/index.php\/produto\/lilly-2\/"},"modified":"2026-03-23T17:27:16","modified_gmt":"2026-03-23T17:27:16","slug":"lilly-2","status":"publish","type":"product","link":"https:\/\/urboowhome.com\/index.php\/produto\/lilly-2\/","title":{"rendered":"Lilly"},"content":{"rendered":"","protected":false},"excerpt":{"rendered":"<p>Lilly \u00e9 uma s\u00e9rie altamente decorativa que combina simplicidade e eleg\u00e2ncia da melhor forma poss\u00edvel. Existe uma facilidade evidente na intera\u00e7\u00e3o entre a moldura minimalista e as elegantes c\u00fapulas de vidro luminoso, onde o vidro branco opalino deixa penetrar uma luz quente e agrad\u00e1vel.<\/p>\n<p>A intera\u00e7\u00e3o entre a superf\u00edcie preta mate e o vidro opalino claro torna o pendente Lilly extremamente elegante. A coloca\u00e7\u00e3o das c\u00fapulas de vidro luminoso cria um conjunto completo e decorativo e proporciona simultaneamente uma ilumina\u00e7\u00e3o de 36 graus em toda a divis\u00e3o.<\/p>\n<p>O vidro deste candeeiro \u00e9 soprado \u00e0 boca e foi trabalhado individualmente \u00e0 m\u00e3o. Devido a este processo \u00fanico, podem aparecer bolhas de ar no vidro e a espessura do vidro tamb\u00e9m pode variar. Isto confere ao vidro o seu car\u00e1cter e apar\u00eancia v\u00edvida.<\/p>\n","protected":false},"featured_media":66725,"comment_status":"open","ping_status":"closed","template":"","meta":[],"product_brand":[],"product_cat":[115],"product_tag":[130],"class_list":{"0":"post-66726","1":"product","2":"type-product","3":"status-publish","4":"has-post-thumbnail","6":"product_cat-pendentes","7":"product_tag-lilly","10":"first","11":"instock","12":"featured","13":"shipping-taxable","14":"purchasable","15":"product-type-simple"},"_links":{"self":[{"href":"https:\/\/urboowhome.com\/index.php\/wp-json\/wp\/v2\/product\/66726","targetHints":{"allow":["GET"]}}],"collection":[{"href":"https:\/\/urboowhome.com\/index.php\/wp-json\/wp\/v2\/product"}],"about":[{"href":"https:\/\/urboowhome.com\/index.php\/wp-json\/wp\/v2\/types\/product"}],"replies":[{"embeddable":true,"href":"https:\/\/urboowhome.com\/index.php\/wp-json\/wp\/v2\/comments?post=66726"}],"wp:featuredmedia":[{"embeddable":true,"href":"https:\/\/urboowhome.com\/index.php\/wp-json\/wp\/v2\/media\/66725"}],"wp:attachment":[{"href":"https:\/\/urboowhome.com\/index.php\/wp-json\/wp\/v2\/media?parent=66726"}],"wp:term":[{"taxonomy":"product_brand","embeddable":true,"href":"https:\/\/urboowhome.com\/index.php\/wp-json\/wp\/v2\/product_brand?post=66726"},{"taxonomy":"product_cat","embeddable":true,"href":"https:\/\/urboowhome.com\/index.php\/wp-json\/wp\/v2\/product_cat?post=66726"},{"taxonomy":"product_tag","embeddable":true,"href":"https:\/\/urboowhome.com\/index.php\/wp-json\/wp\/v2\/product_tag?post=66726"}],"curies":[{"name":"wp","href":"https:\/\/api.w.org\/{rel}","templated":true}]}}