{"id":66729,"date":"2025-08-07T13:28:43","date_gmt":"2025-08-07T13:28:43","guid":{"rendered":"https:\/\/urboowfb.com\/index.php\/produto\/lilly-3\/"},"modified":"2026-03-23T17:27:16","modified_gmt":"2026-03-23T17:27:16","slug":"lilly-3","status":"publish","type":"product","link":"https:\/\/urboowhome.com\/index.php\/produto\/lilly-3\/","title":{"rendered":"Lilly"},"content":{"rendered":"","protected":false},"excerpt":{"rendered":"<p>Lilly \u00e9 uma s\u00e9rie altamente decorativa que combina simplicidade e eleg\u00e2ncia da melhor forma poss\u00edvel. Existe uma facilidade \u00f3bvia na intera\u00e7\u00e3o entre a moldura minimalista e as c\u00fapulas de vidro elegantes e luminosas, onde o vidro branco opalino deixa penetrar uma luz quente e agrad\u00e1vel.<\/p>\n<p>A combina\u00e7\u00e3o da moldura rigorosa com as c\u00fapulas brilhantes em vidro branco opalino contribui para um candeeiro de p\u00e9 elegante e cheio de estilo. A coloca\u00e7\u00e3o das c\u00fapulas de vidro luminoso cria um conjunto completo e decorativo e proporciona simultaneamente uma ilumina\u00e7\u00e3o de 360 graus em toda a divis\u00e3o.<\/p>\n<p>O vidro deste candeeiro \u00e9 soprado \u00e0 boca e foi trabalhado individualmente \u00e0 m\u00e3o. Devido a este processo \u00fanico, podem aparecer bolhas de ar no vidro e a espessura do vidro tamb\u00e9m pode variar. Isto confere ao vidro o seu car\u00e1cter e apar\u00eancia v\u00edvida.<\/p>\n","protected":false},"featured_media":66728,"comment_status":"open","ping_status":"closed","template":"","meta":[],"product_brand":[],"product_cat":[129],"product_tag":[],"class_list":{"0":"post-66729","1":"product","2":"type-product","3":"status-publish","4":"has-post-thumbnail","6":"product_cat-chao","9":"first","10":"instock","11":"featured","12":"shipping-taxable","13":"purchasable","14":"product-type-simple"},"_links":{"self":[{"href":"https:\/\/urboowhome.com\/index.php\/wp-json\/wp\/v2\/product\/66729","targetHints":{"allow":["GET"]}}],"collection":[{"href":"https:\/\/urboowhome.com\/index.php\/wp-json\/wp\/v2\/product"}],"about":[{"href":"https:\/\/urboowhome.com\/index.php\/wp-json\/wp\/v2\/types\/product"}],"replies":[{"embeddable":true,"href":"https:\/\/urboowhome.com\/index.php\/wp-json\/wp\/v2\/comments?post=66729"}],"wp:featuredmedia":[{"embeddable":true,"href":"https:\/\/urboowhome.com\/index.php\/wp-json\/wp\/v2\/media\/66728"}],"wp:attachment":[{"href":"https:\/\/urboowhome.com\/index.php\/wp-json\/wp\/v2\/media?parent=66729"}],"wp:term":[{"taxonomy":"product_brand","embeddable":true,"href":"https:\/\/urboowhome.com\/index.php\/wp-json\/wp\/v2\/product_brand?post=66729"},{"taxonomy":"product_cat","embeddable":true,"href":"https:\/\/urboowhome.com\/index.php\/wp-json\/wp\/v2\/product_cat?post=66729"},{"taxonomy":"product_tag","embeddable":true,"href":"https:\/\/urboowhome.com\/index.php\/wp-json\/wp\/v2\/product_tag?post=66729"}],"curies":[{"name":"wp","href":"https:\/\/api.w.org\/{rel}","templated":true}]}}