{"id":66735,"date":"2025-08-07T13:28:54","date_gmt":"2025-08-07T13:28:54","guid":{"rendered":"https:\/\/urboowfb.com\/index.php\/produto\/glossy\/"},"modified":"2026-03-23T17:27:16","modified_gmt":"2026-03-23T17:27:16","slug":"glossy","status":"publish","type":"product","link":"https:\/\/urboowhome.com\/index.php\/produto\/glossy\/","title":{"rendered":"Glossy"},"content":{"rendered":"","protected":false},"excerpt":{"rendered":"<p>Brilhante \u00e9 o ep\u00edtome do design sofisticado e de bom gosto.<br \/>\nO Glossy \u00e9 um candeeiro de mesa que exala minimalismo n\u00f3rdico e onde a combina\u00e7\u00e3o de materiais exclusivos, m\u00e1rmore, lat\u00e3o e vidro branco &#8211; contribuem para um design incrivelmente elegante. O Glossy deve o seu nome \u00e0 superf\u00edcie brilhante do vidro branco opalino, que deixa passar uma luz suave e confort\u00e1vel.<br \/>\nO m\u00e1rmore \u00e9 um material natural e, portanto, as linhas, cores e padr\u00f5es podem variar de l\u00e2mpada para l\u00e2mpada.<\/p>\n","protected":false},"featured_media":66734,"comment_status":"open","ping_status":"closed","template":"","meta":[],"product_brand":[],"product_cat":[128],"product_tag":[132],"class_list":{"0":"post-66735","1":"product","2":"type-product","3":"status-publish","4":"has-post-thumbnail","6":"product_cat-secretaria","7":"product_tag-glossy","10":"first","11":"instock","12":"featured","13":"shipping-taxable","14":"purchasable","15":"product-type-simple"},"_links":{"self":[{"href":"https:\/\/urboowhome.com\/index.php\/wp-json\/wp\/v2\/product\/66735","targetHints":{"allow":["GET"]}}],"collection":[{"href":"https:\/\/urboowhome.com\/index.php\/wp-json\/wp\/v2\/product"}],"about":[{"href":"https:\/\/urboowhome.com\/index.php\/wp-json\/wp\/v2\/types\/product"}],"replies":[{"embeddable":true,"href":"https:\/\/urboowhome.com\/index.php\/wp-json\/wp\/v2\/comments?post=66735"}],"wp:featuredmedia":[{"embeddable":true,"href":"https:\/\/urboowhome.com\/index.php\/wp-json\/wp\/v2\/media\/66734"}],"wp:attachment":[{"href":"https:\/\/urboowhome.com\/index.php\/wp-json\/wp\/v2\/media?parent=66735"}],"wp:term":[{"taxonomy":"product_brand","embeddable":true,"href":"https:\/\/urboowhome.com\/index.php\/wp-json\/wp\/v2\/product_brand?post=66735"},{"taxonomy":"product_cat","embeddable":true,"href":"https:\/\/urboowhome.com\/index.php\/wp-json\/wp\/v2\/product_cat?post=66735"},{"taxonomy":"product_tag","embeddable":true,"href":"https:\/\/urboowhome.com\/index.php\/wp-json\/wp\/v2\/product_tag?post=66735"}],"curies":[{"name":"wp","href":"https:\/\/api.w.org\/{rel}","templated":true}]}}