{"id":66737,"date":"2025-08-07T13:28:56","date_gmt":"2025-08-07T13:28:56","guid":{"rendered":"https:\/\/urboowfb.com\/index.php\/produto\/turn\/"},"modified":"2026-03-23T17:27:16","modified_gmt":"2026-03-23T17:27:16","slug":"turn","status":"publish","type":"product","link":"https:\/\/urboowhome.com\/index.php\/produto\/turn\/","title":{"rendered":"Turn"},"content":{"rendered":"","protected":false},"excerpt":{"rendered":"<p>Imagine um candeeiro que pode ser rodado livremente ap\u00f3s a instala\u00e7\u00e3o, criando belos efeitos de luz e sombras e fazendo do candeeiro uma pe\u00e7a de arte iluminadora na parede. Foi exatamente isto que o designer Henrik B\u00f8nnelycke criou. O Turn \u00e9 simultaneamente l\u00fadico e escultural, uma vez que o abajur magn\u00e9tico pode ser rodado 360\u00b0, tornando poss\u00edvel iluminar exatamente o que se pretende. O Turn transpira minimalismo n\u00f3rdico, pois combina design moderno e funcionalidade da forma mais bela. O candeeiro \u00e9 resistente ao vento e \u00e0 \u00e1gua, pelo que pode ser utilizado tanto no exterior como no interior da casa de banho.<\/p>\n<p>O candeeiro Turn \u00e9 feito de alum\u00ednio lacado a branco. A luz pode ser regulada e, al\u00e9m disso, o candeeiro pode ser ligado em paralelo, o que torna o Turn muito pr\u00e1tico.<\/p>\n","protected":false},"featured_media":66736,"comment_status":"open","ping_status":"closed","template":"","meta":[],"product_brand":[],"product_cat":[120],"product_tag":[],"class_list":{"0":"post-66737","1":"product","2":"type-product","3":"status-publish","4":"has-post-thumbnail","6":"product_cat-parede-exterior","9":"first","10":"instock","11":"featured","12":"shipping-taxable","13":"purchasable","14":"product-type-simple"},"_links":{"self":[{"href":"https:\/\/urboowhome.com\/index.php\/wp-json\/wp\/v2\/product\/66737","targetHints":{"allow":["GET"]}}],"collection":[{"href":"https:\/\/urboowhome.com\/index.php\/wp-json\/wp\/v2\/product"}],"about":[{"href":"https:\/\/urboowhome.com\/index.php\/wp-json\/wp\/v2\/types\/product"}],"replies":[{"embeddable":true,"href":"https:\/\/urboowhome.com\/index.php\/wp-json\/wp\/v2\/comments?post=66737"}],"wp:featuredmedia":[{"embeddable":true,"href":"https:\/\/urboowhome.com\/index.php\/wp-json\/wp\/v2\/media\/66736"}],"wp:attachment":[{"href":"https:\/\/urboowhome.com\/index.php\/wp-json\/wp\/v2\/media?parent=66737"}],"wp:term":[{"taxonomy":"product_brand","embeddable":true,"href":"https:\/\/urboowhome.com\/index.php\/wp-json\/wp\/v2\/product_brand?post=66737"},{"taxonomy":"product_cat","embeddable":true,"href":"https:\/\/urboowhome.com\/index.php\/wp-json\/wp\/v2\/product_cat?post=66737"},{"taxonomy":"product_tag","embeddable":true,"href":"https:\/\/urboowhome.com\/index.php\/wp-json\/wp\/v2\/product_tag?post=66737"}],"curies":[{"name":"wp","href":"https:\/\/api.w.org\/{rel}","templated":true}]}}