{"id":66747,"date":"2025-08-07T13:29:10","date_gmt":"2025-08-07T13:29:10","guid":{"rendered":"https:\/\/urboowfb.com\/index.php\/produto\/aleria-2\/"},"modified":"2026-03-23T17:27:16","modified_gmt":"2026-03-23T17:27:16","slug":"aleria-2","status":"publish","type":"product","link":"https:\/\/urboowhome.com\/index.php\/produto\/aleria-2\/","title":{"rendered":"Aleria"},"content":{"rendered":"","protected":false},"excerpt":{"rendered":"<p>Aleria \u00e9 um pequeno candeeiro que n\u00e3o ocupa espa\u00e7o desnecess\u00e1rio, mas ao mesmo tempo fornece uma boa luz funcional. Com as suas formas suaves e design elegante, este candeeiro torna-se uma bela decora\u00e7\u00e3o para o seu espa\u00e7o exterior. Aleria \u00e9 feito de alum\u00ednio lacado e \u00e9 ideal, por exemplo, na entrada da garagem, na porta da frente ou na garagem.<\/p>\n","protected":false},"featured_media":66746,"comment_status":"open","ping_status":"closed","template":"","meta":[],"product_brand":[],"product_cat":[120],"product_tag":[],"class_list":{"0":"post-66747","1":"product","2":"type-product","3":"status-publish","4":"has-post-thumbnail","6":"product_cat-parede-exterior","9":"first","10":"instock","11":"featured","12":"shipping-taxable","13":"purchasable","14":"product-type-simple"},"_links":{"self":[{"href":"https:\/\/urboowhome.com\/index.php\/wp-json\/wp\/v2\/product\/66747","targetHints":{"allow":["GET"]}}],"collection":[{"href":"https:\/\/urboowhome.com\/index.php\/wp-json\/wp\/v2\/product"}],"about":[{"href":"https:\/\/urboowhome.com\/index.php\/wp-json\/wp\/v2\/types\/product"}],"replies":[{"embeddable":true,"href":"https:\/\/urboowhome.com\/index.php\/wp-json\/wp\/v2\/comments?post=66747"}],"wp:featuredmedia":[{"embeddable":true,"href":"https:\/\/urboowhome.com\/index.php\/wp-json\/wp\/v2\/media\/66746"}],"wp:attachment":[{"href":"https:\/\/urboowhome.com\/index.php\/wp-json\/wp\/v2\/media?parent=66747"}],"wp:term":[{"taxonomy":"product_brand","embeddable":true,"href":"https:\/\/urboowhome.com\/index.php\/wp-json\/wp\/v2\/product_brand?post=66747"},{"taxonomy":"product_cat","embeddable":true,"href":"https:\/\/urboowhome.com\/index.php\/wp-json\/wp\/v2\/product_cat?post=66747"},{"taxonomy":"product_tag","embeddable":true,"href":"https:\/\/urboowhome.com\/index.php\/wp-json\/wp\/v2\/product_tag?post=66747"}],"curies":[{"name":"wp","href":"https:\/\/api.w.org\/{rel}","templated":true}]}}