{"id":66749,"date":"2025-08-07T13:29:11","date_gmt":"2025-08-07T13:29:11","guid":{"rendered":"https:\/\/urboowfb.com\/index.php\/produto\/balance\/"},"modified":"2026-03-23T17:27:16","modified_gmt":"2026-03-23T17:27:16","slug":"balance","status":"publish","type":"product","link":"https:\/\/urboowhome.com\/index.php\/produto\/balance\/","title":{"rendered":"Balance"},"content":{"rendered":"","protected":false},"excerpt":{"rendered":"<p>A gama Balance \u00e9 caracterizada pela simplicidade, minimalismo e funcionalidade. As linhas limpas, as formas arredondadas e o metal preto mate contribuem para uma express\u00e3o elegante, com associa\u00e7\u00f5es \u00e0 estilosa decora\u00e7\u00e3o n\u00f3rdica. A luz espalha-se de forma bonita por toda a tela, com uma ilumina\u00e7\u00e3o uniforme e sem reflexos, e, al\u00e9m disso, a gama Balance est\u00e1 equipada com uma fun\u00e7\u00e3o de atenua\u00e7\u00e3o gradual integrada, permitindo ajustar a intensidade da luz atrav\u00e9s do interruptor de parede regular.<\/p>\n<p>O candeeiro Balance tem um design elegante e estreito, de modo a n\u00e3o obstruir a visibilidade nem ocupar espa\u00e7o desnecess\u00e1rio na divis\u00e3o. A grande superf\u00edcie iluminante proporciona uma boa luz direcionada para baixo, o que \u00e9 vantajoso para mesas de jantar, cozinhas ou\u00a0mesas\u00a0de\u00a0caf\u00e9.<\/p>\n","protected":false},"featured_media":66748,"comment_status":"open","ping_status":"closed","template":"","meta":[],"product_brand":[],"product_cat":[115],"product_tag":[],"class_list":{"0":"post-66749","1":"product","2":"type-product","3":"status-publish","4":"has-post-thumbnail","6":"product_cat-pendentes","9":"first","10":"instock","11":"featured","12":"shipping-taxable","13":"purchasable","14":"product-type-simple"},"_links":{"self":[{"href":"https:\/\/urboowhome.com\/index.php\/wp-json\/wp\/v2\/product\/66749","targetHints":{"allow":["GET"]}}],"collection":[{"href":"https:\/\/urboowhome.com\/index.php\/wp-json\/wp\/v2\/product"}],"about":[{"href":"https:\/\/urboowhome.com\/index.php\/wp-json\/wp\/v2\/types\/product"}],"replies":[{"embeddable":true,"href":"https:\/\/urboowhome.com\/index.php\/wp-json\/wp\/v2\/comments?post=66749"}],"wp:featuredmedia":[{"embeddable":true,"href":"https:\/\/urboowhome.com\/index.php\/wp-json\/wp\/v2\/media\/66748"}],"wp:attachment":[{"href":"https:\/\/urboowhome.com\/index.php\/wp-json\/wp\/v2\/media?parent=66749"}],"wp:term":[{"taxonomy":"product_brand","embeddable":true,"href":"https:\/\/urboowhome.com\/index.php\/wp-json\/wp\/v2\/product_brand?post=66749"},{"taxonomy":"product_cat","embeddable":true,"href":"https:\/\/urboowhome.com\/index.php\/wp-json\/wp\/v2\/product_cat?post=66749"},{"taxonomy":"product_tag","embeddable":true,"href":"https:\/\/urboowhome.com\/index.php\/wp-json\/wp\/v2\/product_tag?post=66749"}],"curies":[{"name":"wp","href":"https:\/\/api.w.org\/{rel}","templated":true}]}}