{"id":66754,"date":"2025-08-07T13:29:17","date_gmt":"2025-08-07T13:29:17","guid":{"rendered":"https:\/\/urboowfb.com\/index.php\/produto\/cera\/"},"modified":"2026-03-23T17:27:16","modified_gmt":"2026-03-23T17:27:16","slug":"cera","status":"publish","type":"product","link":"https:\/\/urboowhome.com\/index.php\/produto\/cera\/","title":{"rendered":"Cera"},"content":{"rendered":"","protected":false},"excerpt":{"rendered":"<p>A tend\u00eancia do lat\u00e3o est\u00e1 a aumentar em todo o lado &#8211; tamb\u00e9m para candeeiros e complementa o estilo de design n\u00f3rdico minimalista da forma mais bonita. O Cera \u00e9 feito de lat\u00e3o que acrescenta calor, aconchego e exclusividade ao design interior luminoso. A forma redonda do abajur cria um volume visual agrad\u00e1vel para a estrutura fina.<\/p>\n<p>O candeeiro de mesa Cera proporciona uma luz descendente acolhedora e pode ser utilizado, por exemplo, no parapeito da janela, numa mesa pequena ou na secret\u00e1ria.<\/p>\n","protected":false},"featured_media":66753,"comment_status":"open","ping_status":"closed","template":"","meta":[],"product_brand":[],"product_cat":[128],"product_tag":[],"class_list":{"0":"post-66754","1":"product","2":"type-product","3":"status-publish","4":"has-post-thumbnail","6":"product_cat-secretaria","9":"first","10":"instock","11":"featured","12":"shipping-taxable","13":"purchasable","14":"product-type-simple"},"_links":{"self":[{"href":"https:\/\/urboowhome.com\/index.php\/wp-json\/wp\/v2\/product\/66754","targetHints":{"allow":["GET"]}}],"collection":[{"href":"https:\/\/urboowhome.com\/index.php\/wp-json\/wp\/v2\/product"}],"about":[{"href":"https:\/\/urboowhome.com\/index.php\/wp-json\/wp\/v2\/types\/product"}],"replies":[{"embeddable":true,"href":"https:\/\/urboowhome.com\/index.php\/wp-json\/wp\/v2\/comments?post=66754"}],"wp:featuredmedia":[{"embeddable":true,"href":"https:\/\/urboowhome.com\/index.php\/wp-json\/wp\/v2\/media\/66753"}],"wp:attachment":[{"href":"https:\/\/urboowhome.com\/index.php\/wp-json\/wp\/v2\/media?parent=66754"}],"wp:term":[{"taxonomy":"product_brand","embeddable":true,"href":"https:\/\/urboowhome.com\/index.php\/wp-json\/wp\/v2\/product_brand?post=66754"},{"taxonomy":"product_cat","embeddable":true,"href":"https:\/\/urboowhome.com\/index.php\/wp-json\/wp\/v2\/product_cat?post=66754"},{"taxonomy":"product_tag","embeddable":true,"href":"https:\/\/urboowhome.com\/index.php\/wp-json\/wp\/v2\/product_tag?post=66754"}],"curies":[{"name":"wp","href":"https:\/\/api.w.org\/{rel}","templated":true}]}}