{"id":66760,"date":"2025-08-07T13:29:22","date_gmt":"2025-08-07T13:29:22","guid":{"rendered":"https:\/\/urboowfb.com\/index.php\/produto\/contina-2\/"},"modified":"2026-03-23T17:27:17","modified_gmt":"2026-03-23T17:27:17","slug":"contina-2","status":"publish","type":"product","link":"https:\/\/urboowhome.com\/index.php\/produto\/contina-2\/","title":{"rendered":"Contina"},"content":{"rendered":"","protected":false},"excerpt":{"rendered":"<p>Contina combina design atrativo e funcionalidade, onde s\u00e3o os detalhes cuidadosamente selecionados que fazem com que a s\u00e9rie se destaque e seja \u00fanica. A estrutura do candeeiro \u00e9 completada por uma c\u00fapula esf\u00e9rica de vidro branco opalino que oculta a fonte de luz e espalha uma luz suave e sem reflexos na divis\u00e3o.<\/p>\n<p>O candeeiro de parede Contina em metal preto mate questiona a ideia tradicional de como os candeeiros devem ser utilizados. O bra\u00e7o longo e flex\u00edvel torna Contina aplic\u00e1vel tanto como candeeiro de parede como de teto.<\/p>\n<p>O vidro deste candeeiro \u00e9 soprado pela boca e foi trabalhado individualmente \u00e0 m\u00e3o. Devido a este processo \u00fanico, podem aparecer bolhas de ar no vidro e a espessura do vidro tamb\u00e9m pode variar. Isto confere ao vidro o seu car\u00e1cter e apar\u00eancia v\u00edvida.<\/p>\n","protected":false},"featured_media":66759,"comment_status":"open","ping_status":"closed","template":"","meta":[],"product_brand":[],"product_cat":[119],"product_tag":[134],"class_list":{"0":"post-66760","1":"product","2":"type-product","3":"status-publish","4":"has-post-thumbnail","6":"product_cat-parede","7":"product_tag-contina","10":"first","11":"instock","12":"featured","13":"shipping-taxable","14":"purchasable","15":"product-type-simple"},"_links":{"self":[{"href":"https:\/\/urboowhome.com\/index.php\/wp-json\/wp\/v2\/product\/66760","targetHints":{"allow":["GET"]}}],"collection":[{"href":"https:\/\/urboowhome.com\/index.php\/wp-json\/wp\/v2\/product"}],"about":[{"href":"https:\/\/urboowhome.com\/index.php\/wp-json\/wp\/v2\/types\/product"}],"replies":[{"embeddable":true,"href":"https:\/\/urboowhome.com\/index.php\/wp-json\/wp\/v2\/comments?post=66760"}],"wp:featuredmedia":[{"embeddable":true,"href":"https:\/\/urboowhome.com\/index.php\/wp-json\/wp\/v2\/media\/66759"}],"wp:attachment":[{"href":"https:\/\/urboowhome.com\/index.php\/wp-json\/wp\/v2\/media?parent=66760"}],"wp:term":[{"taxonomy":"product_brand","embeddable":true,"href":"https:\/\/urboowhome.com\/index.php\/wp-json\/wp\/v2\/product_brand?post=66760"},{"taxonomy":"product_cat","embeddable":true,"href":"https:\/\/urboowhome.com\/index.php\/wp-json\/wp\/v2\/product_cat?post=66760"},{"taxonomy":"product_tag","embeddable":true,"href":"https:\/\/urboowhome.com\/index.php\/wp-json\/wp\/v2\/product_tag?post=66760"}],"curies":[{"name":"wp","href":"https:\/\/api.w.org\/{rel}","templated":true}]}}