{"id":66762,"date":"2025-08-07T13:29:22","date_gmt":"2025-08-07T13:29:22","guid":{"rendered":"https:\/\/urboowfb.com\/index.php\/produto\/noxy\/"},"modified":"2026-03-23T17:27:17","modified_gmt":"2026-03-23T17:27:17","slug":"noxy","status":"publish","type":"product","link":"https:\/\/urboowhome.com\/index.php\/produto\/noxy\/","title":{"rendered":"Noxy"},"content":{"rendered":"","protected":false},"excerpt":{"rendered":"<p>Noxy \u00e9 um candeeiro de teto minimalista com LED integrado e fun\u00e7\u00e3o SceneSelect Moodmaker\u2122 de 3 passos, que \u00e9 operado pelo seu interrutor de parede padr\u00e3o e oferece uma op\u00e7\u00e3o de luz nocturna que direciona a luz apenas para o teto.<\/p>\n<p>O Moodmaker\u2122 de 3 passos permite-lhe controlar a cor da luz natural, RA90, tendo a capacidade de alternar entre tons frios (3000K) e quentes (4000K). O Noxy em branco \u00e9 fornecido com 2 an\u00e9is amov\u00edveis em preto e cromado, o que lhe d\u00e1 a oportunidade de acrescentar o detalhe final da forma que mais lhe agrada.<\/p>\n","protected":false},"featured_media":66761,"comment_status":"open","ping_status":"closed","template":"","meta":[],"product_brand":[],"product_cat":[137,138],"product_tag":[],"class_list":{"0":"post-66762","1":"product","2":"type-product","3":"status-publish","4":"has-post-thumbnail","6":"product_cat-casa-de-banho","7":"product_cat-teto","10":"first","11":"instock","12":"featured","13":"shipping-taxable","14":"purchasable","15":"product-type-simple"},"_links":{"self":[{"href":"https:\/\/urboowhome.com\/index.php\/wp-json\/wp\/v2\/product\/66762","targetHints":{"allow":["GET"]}}],"collection":[{"href":"https:\/\/urboowhome.com\/index.php\/wp-json\/wp\/v2\/product"}],"about":[{"href":"https:\/\/urboowhome.com\/index.php\/wp-json\/wp\/v2\/types\/product"}],"replies":[{"embeddable":true,"href":"https:\/\/urboowhome.com\/index.php\/wp-json\/wp\/v2\/comments?post=66762"}],"wp:featuredmedia":[{"embeddable":true,"href":"https:\/\/urboowhome.com\/index.php\/wp-json\/wp\/v2\/media\/66761"}],"wp:attachment":[{"href":"https:\/\/urboowhome.com\/index.php\/wp-json\/wp\/v2\/media?parent=66762"}],"wp:term":[{"taxonomy":"product_brand","embeddable":true,"href":"https:\/\/urboowhome.com\/index.php\/wp-json\/wp\/v2\/product_brand?post=66762"},{"taxonomy":"product_cat","embeddable":true,"href":"https:\/\/urboowhome.com\/index.php\/wp-json\/wp\/v2\/product_cat?post=66762"},{"taxonomy":"product_tag","embeddable":true,"href":"https:\/\/urboowhome.com\/index.php\/wp-json\/wp\/v2\/product_tag?post=66762"}],"curies":[{"name":"wp","href":"https:\/\/api.w.org\/{rel}","templated":true}]}}