{"id":66776,"date":"2025-08-07T13:29:53","date_gmt":"2025-08-07T13:29:53","guid":{"rendered":"https:\/\/urboowfb.com\/index.php\/produto\/ognis-6\/"},"modified":"2026-03-23T17:27:17","modified_gmt":"2026-03-23T17:27:17","slug":"ognis-6","status":"publish","type":"product","link":"https:\/\/urboowhome.com\/index.php\/produto\/ognis-6\/","title":{"rendered":"Ognis 6"},"content":{"rendered":"","protected":false},"excerpt":{"rendered":"<p>OGNIS \u00e9 um candeeiro suspenso cujo estilo \u00e9 universal e adapta-se perfeitamente a v\u00e1rios arranjos interiores. Os elementos dourados conferem um brilho elegante e tudo parece leve e elegante.<\/p>\n","protected":false},"featured_media":66775,"comment_status":"open","ping_status":"closed","template":"","meta":[],"product_brand":[],"product_cat":[115],"product_tag":[],"class_list":{"0":"post-66776","1":"product","2":"type-product","3":"status-publish","4":"has-post-thumbnail","6":"product_cat-pendentes","9":"first","10":"instock","11":"shipping-taxable","12":"purchasable","13":"product-type-simple"},"_links":{"self":[{"href":"https:\/\/urboowhome.com\/index.php\/wp-json\/wp\/v2\/product\/66776","targetHints":{"allow":["GET"]}}],"collection":[{"href":"https:\/\/urboowhome.com\/index.php\/wp-json\/wp\/v2\/product"}],"about":[{"href":"https:\/\/urboowhome.com\/index.php\/wp-json\/wp\/v2\/types\/product"}],"replies":[{"embeddable":true,"href":"https:\/\/urboowhome.com\/index.php\/wp-json\/wp\/v2\/comments?post=66776"}],"wp:featuredmedia":[{"embeddable":true,"href":"https:\/\/urboowhome.com\/index.php\/wp-json\/wp\/v2\/media\/66775"}],"wp:attachment":[{"href":"https:\/\/urboowhome.com\/index.php\/wp-json\/wp\/v2\/media?parent=66776"}],"wp:term":[{"taxonomy":"product_brand","embeddable":true,"href":"https:\/\/urboowhome.com\/index.php\/wp-json\/wp\/v2\/product_brand?post=66776"},{"taxonomy":"product_cat","embeddable":true,"href":"https:\/\/urboowhome.com\/index.php\/wp-json\/wp\/v2\/product_cat?post=66776"},{"taxonomy":"product_tag","embeddable":true,"href":"https:\/\/urboowhome.com\/index.php\/wp-json\/wp\/v2\/product_tag?post=66776"}],"curies":[{"name":"wp","href":"https:\/\/api.w.org\/{rel}","templated":true}]}}