{"id":66779,"date":"2025-08-07T13:29:59","date_gmt":"2025-08-07T13:29:59","guid":{"rendered":"https:\/\/urboowfb.com\/index.php\/produto\/vesio-6\/"},"modified":"2026-03-23T17:27:17","modified_gmt":"2026-03-23T17:27:17","slug":"vesio-6","status":"publish","type":"product","link":"https:\/\/urboowhome.com\/index.php\/produto\/vesio-6\/","title":{"rendered":"Vesio 6"},"content":{"rendered":"","protected":false},"excerpt":{"rendered":"<p>VESIO \u00e9 um candeeiro de teto \u00fanico, criado especialmente para salas altas. A sua forma minimalista com adi\u00e7\u00e3o de ouro confere-lhe um car\u00e1cter \u00fanico.<\/p>\n","protected":false},"featured_media":66778,"comment_status":"open","ping_status":"closed","template":"","meta":[],"product_brand":[],"product_cat":[115],"product_tag":[140,141],"class_list":{"0":"post-66779","1":"product","2":"type-product","3":"status-publish","4":"has-post-thumbnail","6":"product_cat-pendentes","7":"product_tag-emibig","8":"product_tag-vesio","11":"first","12":"instock","13":"shipping-taxable","14":"purchasable","15":"product-type-simple"},"_links":{"self":[{"href":"https:\/\/urboowhome.com\/index.php\/wp-json\/wp\/v2\/product\/66779","targetHints":{"allow":["GET"]}}],"collection":[{"href":"https:\/\/urboowhome.com\/index.php\/wp-json\/wp\/v2\/product"}],"about":[{"href":"https:\/\/urboowhome.com\/index.php\/wp-json\/wp\/v2\/types\/product"}],"replies":[{"embeddable":true,"href":"https:\/\/urboowhome.com\/index.php\/wp-json\/wp\/v2\/comments?post=66779"}],"wp:featuredmedia":[{"embeddable":true,"href":"https:\/\/urboowhome.com\/index.php\/wp-json\/wp\/v2\/media\/66778"}],"wp:attachment":[{"href":"https:\/\/urboowhome.com\/index.php\/wp-json\/wp\/v2\/media?parent=66779"}],"wp:term":[{"taxonomy":"product_brand","embeddable":true,"href":"https:\/\/urboowhome.com\/index.php\/wp-json\/wp\/v2\/product_brand?post=66779"},{"taxonomy":"product_cat","embeddable":true,"href":"https:\/\/urboowhome.com\/index.php\/wp-json\/wp\/v2\/product_cat?post=66779"},{"taxonomy":"product_tag","embeddable":true,"href":"https:\/\/urboowhome.com\/index.php\/wp-json\/wp\/v2\/product_tag?post=66779"}],"curies":[{"name":"wp","href":"https:\/\/api.w.org\/{rel}","templated":true}]}}