{"id":66787,"date":"2025-08-07T13:30:23","date_gmt":"2025-08-07T13:30:23","guid":{"rendered":"https:\/\/urboowfb.com\/index.php\/produto\/mine-space-colgante-gris-4l\/"},"modified":"2026-03-23T17:27:17","modified_gmt":"2026-03-23T17:27:17","slug":"mine-space-colgante-gris-4l","status":"publish","type":"product","link":"https:\/\/urboowhome.com\/index.php\/produto\/mine-space-colgante-gris-4l\/","title":{"rendered":"Mine Space Colgante Gris 4L"},"content":{"rendered":"","protected":false},"excerpt":{"rendered":"<p>Pendente de quatro luzes cinzento-escuro concebido por Nahtrang com estrutura met\u00e1lica e difusor em policarbonato. O material e a luz que flui atrav\u00e9s do difusor trazem calor e conforto \u00e0 sua casa. Este pendente de design \u00e9 vers\u00e1til e personaliz\u00e1vel, gra\u00e7as ao acess\u00f3rio de gancho, pode colocar a luz onde precisar.<\/p>\n","protected":false},"featured_media":66786,"comment_status":"open","ping_status":"closed","template":"","meta":[],"product_brand":[],"product_cat":[115],"product_tag":[144],"class_list":{"0":"post-66787","1":"product","2":"type-product","3":"status-publish","4":"has-post-thumbnail","6":"product_cat-pendentes","7":"product_tag-mine-space","10":"first","11":"instock","12":"shipping-taxable","13":"purchasable","14":"product-type-simple"},"_links":{"self":[{"href":"https:\/\/urboowhome.com\/index.php\/wp-json\/wp\/v2\/product\/66787","targetHints":{"allow":["GET"]}}],"collection":[{"href":"https:\/\/urboowhome.com\/index.php\/wp-json\/wp\/v2\/product"}],"about":[{"href":"https:\/\/urboowhome.com\/index.php\/wp-json\/wp\/v2\/types\/product"}],"replies":[{"embeddable":true,"href":"https:\/\/urboowhome.com\/index.php\/wp-json\/wp\/v2\/comments?post=66787"}],"wp:featuredmedia":[{"embeddable":true,"href":"https:\/\/urboowhome.com\/index.php\/wp-json\/wp\/v2\/media\/66786"}],"wp:attachment":[{"href":"https:\/\/urboowhome.com\/index.php\/wp-json\/wp\/v2\/media?parent=66787"}],"wp:term":[{"taxonomy":"product_brand","embeddable":true,"href":"https:\/\/urboowhome.com\/index.php\/wp-json\/wp\/v2\/product_brand?post=66787"},{"taxonomy":"product_cat","embeddable":true,"href":"https:\/\/urboowhome.com\/index.php\/wp-json\/wp\/v2\/product_cat?post=66787"},{"taxonomy":"product_tag","embeddable":true,"href":"https:\/\/urboowhome.com\/index.php\/wp-json\/wp\/v2\/product_tag?post=66787"}],"curies":[{"name":"wp","href":"https:\/\/api.w.org\/{rel}","templated":true}]}}