{"id":66789,"date":"2025-08-07T13:30:28","date_gmt":"2025-08-07T13:30:28","guid":{"rendered":"https:\/\/urboowfb.com\/index.php\/produto\/mine-space-colgante-gris-5l\/"},"modified":"2026-03-23T17:27:17","modified_gmt":"2026-03-23T17:27:17","slug":"mine-space-colgante-gris-5l","status":"publish","type":"product","link":"https:\/\/urboowhome.com\/index.php\/produto\/mine-space-colgante-gris-5l\/","title":{"rendered":"Mine Space Colgante Gris 5L"},"content":{"rendered":"","protected":false},"excerpt":{"rendered":"<p>Pendente cinza escuro v\u00e1rias luzes com estrutura de metal e difusor de policarbonato opalino. O material e a luz que fluem pelo difusor e proporcionam calor e conforto \u00e0 sua casa. Este equipamento de design \u00e9 vers\u00e1til e personaliz\u00e1vel, gra\u00e7as ao gancho de fixa\u00e7\u00e3o, voc\u00ea pode instalar a fonte de luz onde precisar. Pelas suas possibilidades \u00e9 ideal para iluminar espa\u00e7os amplos mas tamb\u00e9m para iluminar a sua casa.<\/p>\n","protected":false},"featured_media":66788,"comment_status":"open","ping_status":"closed","template":"","meta":[],"product_brand":[],"product_cat":[115],"product_tag":[146,147],"class_list":{"0":"post-66789","1":"product","2":"type-product","3":"status-publish","4":"has-post-thumbnail","6":"product_cat-pendentes","7":"product_tag-5l","8":"product_tag-mini-space","11":"first","12":"instock","13":"shipping-taxable","14":"purchasable","15":"product-type-simple"},"_links":{"self":[{"href":"https:\/\/urboowhome.com\/index.php\/wp-json\/wp\/v2\/product\/66789","targetHints":{"allow":["GET"]}}],"collection":[{"href":"https:\/\/urboowhome.com\/index.php\/wp-json\/wp\/v2\/product"}],"about":[{"href":"https:\/\/urboowhome.com\/index.php\/wp-json\/wp\/v2\/types\/product"}],"replies":[{"embeddable":true,"href":"https:\/\/urboowhome.com\/index.php\/wp-json\/wp\/v2\/comments?post=66789"}],"wp:featuredmedia":[{"embeddable":true,"href":"https:\/\/urboowhome.com\/index.php\/wp-json\/wp\/v2\/media\/66788"}],"wp:attachment":[{"href":"https:\/\/urboowhome.com\/index.php\/wp-json\/wp\/v2\/media?parent=66789"}],"wp:term":[{"taxonomy":"product_brand","embeddable":true,"href":"https:\/\/urboowhome.com\/index.php\/wp-json\/wp\/v2\/product_brand?post=66789"},{"taxonomy":"product_cat","embeddable":true,"href":"https:\/\/urboowhome.com\/index.php\/wp-json\/wp\/v2\/product_cat?post=66789"},{"taxonomy":"product_tag","embeddable":true,"href":"https:\/\/urboowhome.com\/index.php\/wp-json\/wp\/v2\/product_tag?post=66789"}],"curies":[{"name":"wp","href":"https:\/\/api.w.org\/{rel}","templated":true}]}}