{"id":66797,"date":"2025-08-07T13:30:40","date_gmt":"2025-08-07T13:30:40","guid":{"rendered":"https:\/\/urboowfb.com\/index.php\/produto\/hoshi\/"},"modified":"2026-03-23T17:27:17","modified_gmt":"2026-03-23T17:27:17","slug":"hoshi","status":"publish","type":"product","link":"https:\/\/urboowhome.com\/index.php\/produto\/hoshi\/","title":{"rendered":"Hoshi"},"content":{"rendered":"","protected":false},"excerpt":{"rendered":"<p>Candeeiro de mesa Hoshi em ouro acetinado e preto.<br \/>\n\u00c9 um candeeiro de mesa desenhado por com uma base s\u00f3lida que lhe confere estabilidade e a l\u00e2mpada \u00e9 caracterizada pelo corpo e cabe\u00e7a esguios.<br \/>\nCom regula\u00e7\u00e3o do fluxo luminoso para a cria\u00e7\u00e3o dos cen\u00e1rios que necessitam de um conforto \u00f3timo.<\/p>\n","protected":false},"featured_media":66796,"comment_status":"open","ping_status":"closed","template":"","meta":[],"product_brand":[],"product_cat":[128],"product_tag":[],"class_list":{"0":"post-66797","1":"product","2":"type-product","3":"status-publish","4":"has-post-thumbnail","6":"product_cat-secretaria","9":"first","10":"instock","11":"shipping-taxable","12":"purchasable","13":"product-type-simple"},"_links":{"self":[{"href":"https:\/\/urboowhome.com\/index.php\/wp-json\/wp\/v2\/product\/66797","targetHints":{"allow":["GET"]}}],"collection":[{"href":"https:\/\/urboowhome.com\/index.php\/wp-json\/wp\/v2\/product"}],"about":[{"href":"https:\/\/urboowhome.com\/index.php\/wp-json\/wp\/v2\/types\/product"}],"replies":[{"embeddable":true,"href":"https:\/\/urboowhome.com\/index.php\/wp-json\/wp\/v2\/comments?post=66797"}],"wp:featuredmedia":[{"embeddable":true,"href":"https:\/\/urboowhome.com\/index.php\/wp-json\/wp\/v2\/media\/66796"}],"wp:attachment":[{"href":"https:\/\/urboowhome.com\/index.php\/wp-json\/wp\/v2\/media?parent=66797"}],"wp:term":[{"taxonomy":"product_brand","embeddable":true,"href":"https:\/\/urboowhome.com\/index.php\/wp-json\/wp\/v2\/product_brand?post=66797"},{"taxonomy":"product_cat","embeddable":true,"href":"https:\/\/urboowhome.com\/index.php\/wp-json\/wp\/v2\/product_cat?post=66797"},{"taxonomy":"product_tag","embeddable":true,"href":"https:\/\/urboowhome.com\/index.php\/wp-json\/wp\/v2\/product_tag?post=66797"}],"curies":[{"name":"wp","href":"https:\/\/api.w.org\/{rel}","templated":true}]}}