{"id":66803,"date":"2025-08-07T13:30:49","date_gmt":"2025-08-07T13:30:49","guid":{"rendered":"https:\/\/urboowfb.com\/index.php\/produto\/hoshi-2\/"},"modified":"2026-03-23T17:27:17","modified_gmt":"2026-03-23T17:27:17","slug":"hoshi-2","status":"publish","type":"product","link":"https:\/\/urboowhome.com\/index.php\/produto\/hoshi-2\/","title":{"rendered":"Hoshi"},"content":{"rendered":"","protected":false},"excerpt":{"rendered":"<p>HOSHI \u00e9 um candeeiro de mesa concebido pelo xJeR Studio. A sua base s\u00f3lida confere estabilidade \u00e0 lumin\u00e1ria, que se caracteriza por um corpo e um abajur finos. A intensidade da luz pode ser ajustada gra\u00e7as ao regulador de intensidade na base. A fonte de luz \u00e9 um LED 12W 2700K integrado.<\/p>\n","protected":false},"featured_media":66802,"comment_status":"open","ping_status":"closed","template":"","meta":[],"product_brand":[],"product_cat":[128],"product_tag":[],"class_list":{"0":"post-66803","1":"product","2":"type-product","3":"status-publish","4":"has-post-thumbnail","6":"product_cat-secretaria","9":"first","10":"instock","11":"shipping-taxable","12":"purchasable","13":"product-type-simple"},"_links":{"self":[{"href":"https:\/\/urboowhome.com\/index.php\/wp-json\/wp\/v2\/product\/66803","targetHints":{"allow":["GET"]}}],"collection":[{"href":"https:\/\/urboowhome.com\/index.php\/wp-json\/wp\/v2\/product"}],"about":[{"href":"https:\/\/urboowhome.com\/index.php\/wp-json\/wp\/v2\/types\/product"}],"replies":[{"embeddable":true,"href":"https:\/\/urboowhome.com\/index.php\/wp-json\/wp\/v2\/comments?post=66803"}],"wp:featuredmedia":[{"embeddable":true,"href":"https:\/\/urboowhome.com\/index.php\/wp-json\/wp\/v2\/media\/66802"}],"wp:attachment":[{"href":"https:\/\/urboowhome.com\/index.php\/wp-json\/wp\/v2\/media?parent=66803"}],"wp:term":[{"taxonomy":"product_brand","embeddable":true,"href":"https:\/\/urboowhome.com\/index.php\/wp-json\/wp\/v2\/product_brand?post=66803"},{"taxonomy":"product_cat","embeddable":true,"href":"https:\/\/urboowhome.com\/index.php\/wp-json\/wp\/v2\/product_cat?post=66803"},{"taxonomy":"product_tag","embeddable":true,"href":"https:\/\/urboowhome.com\/index.php\/wp-json\/wp\/v2\/product_tag?post=66803"}],"curies":[{"name":"wp","href":"https:\/\/api.w.org\/{rel}","templated":true}]}}