{"id":66811,"date":"2025-08-07T13:31:08","date_gmt":"2025-08-07T13:31:08","guid":{"rendered":"https:\/\/urboowfb.com\/index.php\/produto\/le-vita-2\/"},"modified":"2026-03-23T17:27:17","modified_gmt":"2026-03-23T17:27:17","slug":"le-vita-2","status":"publish","type":"product","link":"https:\/\/urboowhome.com\/index.php\/produto\/le-vita-2\/","title":{"rendered":"Le Vita"},"content":{"rendered":"","protected":false},"excerpt":{"rendered":"<p>Uma gama de candeeiros de design criada pela Nahtrang. O seu design \u00e9 delicado e simples e combina o difusor de vidro com as linhas finas da sua estrutura. Este candeeiro de mesa de design \u00e9 perfeito para iluminar os diferentes ambientes da sua casa. Possui o sistema Touch Lamp e tr\u00eas intensidades.<\/p>\n","protected":false},"featured_media":66810,"comment_status":"open","ping_status":"closed","template":"","meta":[],"product_brand":[],"product_cat":[128],"product_tag":[150],"class_list":{"0":"post-66811","1":"product","2":"type-product","3":"status-publish","4":"has-post-thumbnail","6":"product_cat-secretaria","7":"product_tag-le-vita","10":"first","11":"instock","12":"shipping-taxable","13":"purchasable","14":"product-type-simple"},"_links":{"self":[{"href":"https:\/\/urboowhome.com\/index.php\/wp-json\/wp\/v2\/product\/66811","targetHints":{"allow":["GET"]}}],"collection":[{"href":"https:\/\/urboowhome.com\/index.php\/wp-json\/wp\/v2\/product"}],"about":[{"href":"https:\/\/urboowhome.com\/index.php\/wp-json\/wp\/v2\/types\/product"}],"replies":[{"embeddable":true,"href":"https:\/\/urboowhome.com\/index.php\/wp-json\/wp\/v2\/comments?post=66811"}],"wp:featuredmedia":[{"embeddable":true,"href":"https:\/\/urboowhome.com\/index.php\/wp-json\/wp\/v2\/media\/66810"}],"wp:attachment":[{"href":"https:\/\/urboowhome.com\/index.php\/wp-json\/wp\/v2\/media?parent=66811"}],"wp:term":[{"taxonomy":"product_brand","embeddable":true,"href":"https:\/\/urboowhome.com\/index.php\/wp-json\/wp\/v2\/product_brand?post=66811"},{"taxonomy":"product_cat","embeddable":true,"href":"https:\/\/urboowhome.com\/index.php\/wp-json\/wp\/v2\/product_cat?post=66811"},{"taxonomy":"product_tag","embeddable":true,"href":"https:\/\/urboowhome.com\/index.php\/wp-json\/wp\/v2\/product_tag?post=66811"}],"curies":[{"name":"wp","href":"https:\/\/api.w.org\/{rel}","templated":true}]}}