{"id":66837,"date":"2025-08-07T13:31:55","date_gmt":"2025-08-07T13:31:55","guid":{"rendered":"https:\/\/urboowfb.com\/index.php\/produto\/metropole-2\/"},"modified":"2026-03-23T17:27:18","modified_gmt":"2026-03-23T17:27:18","slug":"metropole-2","status":"publish","type":"product","link":"https:\/\/urboowhome.com\/index.php\/produto\/metropole-2\/","title":{"rendered":"Metropole"},"content":{"rendered":"","protected":false},"excerpt":{"rendered":"<p>Uma fam\u00edlia de candeeiros de ch\u00e3o completa e funcional com um especto industrial.<br \/>\nCada cabe\u00e7a de metal cortado a laser inclui um interruptor e pode ser movida livremente para oferecer uma alta personaliza\u00e7\u00e3o da sua apar\u00eancia.<\/p>\n","protected":false},"featured_media":66836,"comment_status":"open","ping_status":"closed","template":"","meta":[],"product_brand":[],"product_cat":[129],"product_tag":[],"class_list":{"0":"post-66837","1":"product","2":"type-product","3":"status-publish","4":"has-post-thumbnail","6":"product_cat-chao","9":"first","10":"instock","11":"shipping-taxable","12":"purchasable","13":"product-type-simple"},"_links":{"self":[{"href":"https:\/\/urboowhome.com\/index.php\/wp-json\/wp\/v2\/product\/66837","targetHints":{"allow":["GET"]}}],"collection":[{"href":"https:\/\/urboowhome.com\/index.php\/wp-json\/wp\/v2\/product"}],"about":[{"href":"https:\/\/urboowhome.com\/index.php\/wp-json\/wp\/v2\/types\/product"}],"replies":[{"embeddable":true,"href":"https:\/\/urboowhome.com\/index.php\/wp-json\/wp\/v2\/comments?post=66837"}],"wp:featuredmedia":[{"embeddable":true,"href":"https:\/\/urboowhome.com\/index.php\/wp-json\/wp\/v2\/media\/66836"}],"wp:attachment":[{"href":"https:\/\/urboowhome.com\/index.php\/wp-json\/wp\/v2\/media?parent=66837"}],"wp:term":[{"taxonomy":"product_brand","embeddable":true,"href":"https:\/\/urboowhome.com\/index.php\/wp-json\/wp\/v2\/product_brand?post=66837"},{"taxonomy":"product_cat","embeddable":true,"href":"https:\/\/urboowhome.com\/index.php\/wp-json\/wp\/v2\/product_cat?post=66837"},{"taxonomy":"product_tag","embeddable":true,"href":"https:\/\/urboowhome.com\/index.php\/wp-json\/wp\/v2\/product_tag?post=66837"}],"curies":[{"name":"wp","href":"https:\/\/api.w.org\/{rel}","templated":true}]}}