{"id":66847,"date":"2025-08-07T13:32:09","date_gmt":"2025-08-07T13:32:09","guid":{"rendered":"https:\/\/urboowfb.com\/index.php\/produto\/dc-o18\/"},"modified":"2026-03-23T17:27:19","modified_gmt":"2026-03-23T17:27:19","slug":"dc-o18","status":"publish","type":"product","link":"https:\/\/urboowhome.com\/index.php\/produto\/dc-o18\/","title":{"rendered":"Dc ?18"},"content":{"rendered":"","protected":false},"excerpt":{"rendered":"<p>Gra\u00e7as \u00e0s suas formas arredondadas e \u00e0 combina\u00e7\u00e3o de metal e madeira, este candeeiro de p\u00e9 tornou-se imediatamente num cl\u00e1ssico.<br \/>\nO arco folheado a carvalho tamb\u00e9m tem uma fun\u00e7\u00e3o muito importante na rota\u00e7\u00e3o da cabe\u00e7a das pe\u00e7as e no direcionamento da luz.<br \/>\nOs detalhes obtidos em alum\u00ednio maci\u00e7o completam um design \u00fanico e muito apreciado por todos.<\/p>\n","protected":false},"featured_media":66846,"comment_status":"open","ping_status":"closed","template":"","meta":[],"product_brand":[],"product_cat":[129],"product_tag":[],"class_list":{"0":"post-66847","1":"product","2":"type-product","3":"status-publish","4":"has-post-thumbnail","6":"product_cat-chao","9":"first","10":"instock","11":"shipping-taxable","12":"purchasable","13":"product-type-simple"},"_links":{"self":[{"href":"https:\/\/urboowhome.com\/index.php\/wp-json\/wp\/v2\/product\/66847","targetHints":{"allow":["GET"]}}],"collection":[{"href":"https:\/\/urboowhome.com\/index.php\/wp-json\/wp\/v2\/product"}],"about":[{"href":"https:\/\/urboowhome.com\/index.php\/wp-json\/wp\/v2\/types\/product"}],"replies":[{"embeddable":true,"href":"https:\/\/urboowhome.com\/index.php\/wp-json\/wp\/v2\/comments?post=66847"}],"wp:featuredmedia":[{"embeddable":true,"href":"https:\/\/urboowhome.com\/index.php\/wp-json\/wp\/v2\/media\/66846"}],"wp:attachment":[{"href":"https:\/\/urboowhome.com\/index.php\/wp-json\/wp\/v2\/media?parent=66847"}],"wp:term":[{"taxonomy":"product_brand","embeddable":true,"href":"https:\/\/urboowhome.com\/index.php\/wp-json\/wp\/v2\/product_brand?post=66847"},{"taxonomy":"product_cat","embeddable":true,"href":"https:\/\/urboowhome.com\/index.php\/wp-json\/wp\/v2\/product_cat?post=66847"},{"taxonomy":"product_tag","embeddable":true,"href":"https:\/\/urboowhome.com\/index.php\/wp-json\/wp\/v2\/product_tag?post=66847"}],"curies":[{"name":"wp","href":"https:\/\/api.w.org\/{rel}","templated":true}]}}