{"id":66885,"date":"2025-08-07T13:35:04","date_gmt":"2025-08-07T13:35:04","guid":{"rendered":"https:\/\/urboowfb.com\/index.php\/produto\/aro-redondo-gu10\/"},"modified":"2026-03-23T17:27:20","modified_gmt":"2026-03-23T17:27:20","slug":"aro-redondo-gu10","status":"publish","type":"product","link":"https:\/\/urboowhome.com\/index.php\/produto\/aro-redondo-gu10\/","title":{"rendered":"Aro Redondo GU10"},"content":{"rendered":"","protected":false},"excerpt":{"rendered":"<p>Simples e discretos, os aros GU10 quebram a monotonia dos tetos lisos. Criando ambientes conjugados com l\u00e2mpadas de cor quente s\u00e3o uma das solu\u00e7\u00f5es preferidas dos instaladores e clientes.<\/p>\n","protected":false},"featured_media":66884,"comment_status":"open","ping_status":"closed","template":"","meta":[],"product_brand":[],"product_cat":[156],"product_tag":[],"class_list":{"0":"post-66885","1":"product","2":"type-product","3":"status-publish","4":"has-post-thumbnail","6":"product_cat-embutido","9":"first","10":"instock","11":"shipping-taxable","12":"purchasable","13":"product-type-simple"},"_links":{"self":[{"href":"https:\/\/urboowhome.com\/index.php\/wp-json\/wp\/v2\/product\/66885","targetHints":{"allow":["GET"]}}],"collection":[{"href":"https:\/\/urboowhome.com\/index.php\/wp-json\/wp\/v2\/product"}],"about":[{"href":"https:\/\/urboowhome.com\/index.php\/wp-json\/wp\/v2\/types\/product"}],"replies":[{"embeddable":true,"href":"https:\/\/urboowhome.com\/index.php\/wp-json\/wp\/v2\/comments?post=66885"}],"wp:featuredmedia":[{"embeddable":true,"href":"https:\/\/urboowhome.com\/index.php\/wp-json\/wp\/v2\/media\/66884"}],"wp:attachment":[{"href":"https:\/\/urboowhome.com\/index.php\/wp-json\/wp\/v2\/media?parent=66885"}],"wp:term":[{"taxonomy":"product_brand","embeddable":true,"href":"https:\/\/urboowhome.com\/index.php\/wp-json\/wp\/v2\/product_brand?post=66885"},{"taxonomy":"product_cat","embeddable":true,"href":"https:\/\/urboowhome.com\/index.php\/wp-json\/wp\/v2\/product_cat?post=66885"},{"taxonomy":"product_tag","embeddable":true,"href":"https:\/\/urboowhome.com\/index.php\/wp-json\/wp\/v2\/product_tag?post=66885"}],"curies":[{"name":"wp","href":"https:\/\/api.w.org\/{rel}","templated":true}]}}