{"id":66897,"date":"2025-08-07T13:35:13","date_gmt":"2025-08-07T13:35:13","guid":{"rendered":"https:\/\/urboowfb.com\/index.php\/produto\/versatis-t\/"},"modified":"2026-03-23T17:27:20","modified_gmt":"2026-03-23T17:27:20","slug":"versatis-t","status":"publish","type":"product","link":"https:\/\/urboowhome.com\/index.php\/produto\/versatis-t\/","title":{"rendered":"Versatis-T"},"content":{"rendered":"","protected":false},"excerpt":{"rendered":"<p>Para aplica\u00e7\u00f5es mais exigentes onde se requerem fluxos de ilumina\u00e7\u00e3o mais din\u00e2micos e uma garantia de resultados excelentes. Dispon\u00edvel em v\u00e1rias cores, acabamentos e CRI. Uma solu\u00e7\u00e3o \u00f3ptima e funcional para instala\u00e7\u00f5es mais precisas.<\/p>\n","protected":false},"featured_media":66896,"comment_status":"open","ping_status":"closed","template":"","meta":[],"product_brand":[],"product_cat":[160],"product_tag":[],"class_list":{"0":"post-66897","1":"product","2":"type-product","3":"status-publish","4":"has-post-thumbnail","6":"product_cat-carril","9":"first","10":"instock","11":"shipping-taxable","12":"purchasable","13":"product-type-simple"},"_links":{"self":[{"href":"https:\/\/urboowhome.com\/index.php\/wp-json\/wp\/v2\/product\/66897","targetHints":{"allow":["GET"]}}],"collection":[{"href":"https:\/\/urboowhome.com\/index.php\/wp-json\/wp\/v2\/product"}],"about":[{"href":"https:\/\/urboowhome.com\/index.php\/wp-json\/wp\/v2\/types\/product"}],"replies":[{"embeddable":true,"href":"https:\/\/urboowhome.com\/index.php\/wp-json\/wp\/v2\/comments?post=66897"}],"wp:featuredmedia":[{"embeddable":true,"href":"https:\/\/urboowhome.com\/index.php\/wp-json\/wp\/v2\/media\/66896"}],"wp:attachment":[{"href":"https:\/\/urboowhome.com\/index.php\/wp-json\/wp\/v2\/media?parent=66897"}],"wp:term":[{"taxonomy":"product_brand","embeddable":true,"href":"https:\/\/urboowhome.com\/index.php\/wp-json\/wp\/v2\/product_brand?post=66897"},{"taxonomy":"product_cat","embeddable":true,"href":"https:\/\/urboowhome.com\/index.php\/wp-json\/wp\/v2\/product_cat?post=66897"},{"taxonomy":"product_tag","embeddable":true,"href":"https:\/\/urboowhome.com\/index.php\/wp-json\/wp\/v2\/product_tag?post=66897"}],"curies":[{"name":"wp","href":"https:\/\/api.w.org\/{rel}","templated":true}]}}