{"id":66902,"date":"2025-08-07T13:35:40","date_gmt":"2025-08-07T13:35:40","guid":{"rendered":"https:\/\/urboowfb.com\/index.php\/produto\/stratus-2\/"},"modified":"2026-03-23T17:27:20","modified_gmt":"2026-03-23T17:27:20","slug":"stratus-2","status":"publish","type":"product","link":"https:\/\/urboowhome.com\/index.php\/produto\/stratus-2\/","title":{"rendered":"Stratus 2"},"content":{"rendered":"","protected":false},"excerpt":{"rendered":"<p>Projetor de pavimento em a\u00e7o in\u00f3xidavel. As v\u00e1rias formas dispon\u00edveis s\u00e3o a solu\u00e7\u00e3o perfeita para a ilumina\u00e7\u00e3o de percursos e passagens em seguran\u00e7a e em ofuscamento dos transeuntes.<\/p>\n","protected":false},"featured_media":66901,"comment_status":"open","ping_status":"closed","template":"","meta":[],"product_brand":[],"product_cat":[122],"product_tag":[],"class_list":{"0":"post-66902","1":"product","2":"type-product","3":"status-publish","4":"has-post-thumbnail","6":"product_cat-pavimento","9":"first","10":"instock","11":"shipping-taxable","12":"purchasable","13":"product-type-simple"},"_links":{"self":[{"href":"https:\/\/urboowhome.com\/index.php\/wp-json\/wp\/v2\/product\/66902","targetHints":{"allow":["GET"]}}],"collection":[{"href":"https:\/\/urboowhome.com\/index.php\/wp-json\/wp\/v2\/product"}],"about":[{"href":"https:\/\/urboowhome.com\/index.php\/wp-json\/wp\/v2\/types\/product"}],"replies":[{"embeddable":true,"href":"https:\/\/urboowhome.com\/index.php\/wp-json\/wp\/v2\/comments?post=66902"}],"wp:featuredmedia":[{"embeddable":true,"href":"https:\/\/urboowhome.com\/index.php\/wp-json\/wp\/v2\/media\/66901"}],"wp:attachment":[{"href":"https:\/\/urboowhome.com\/index.php\/wp-json\/wp\/v2\/media?parent=66902"}],"wp:term":[{"taxonomy":"product_brand","embeddable":true,"href":"https:\/\/urboowhome.com\/index.php\/wp-json\/wp\/v2\/product_brand?post=66902"},{"taxonomy":"product_cat","embeddable":true,"href":"https:\/\/urboowhome.com\/index.php\/wp-json\/wp\/v2\/product_cat?post=66902"},{"taxonomy":"product_tag","embeddable":true,"href":"https:\/\/urboowhome.com\/index.php\/wp-json\/wp\/v2\/product_tag?post=66902"}],"curies":[{"name":"wp","href":"https:\/\/api.w.org\/{rel}","templated":true}]}}