{"id":66906,"date":"2025-08-07T13:35:44","date_gmt":"2025-08-07T13:35:44","guid":{"rendered":"https:\/\/urboowfb.com\/index.php\/produto\/toba-xl\/"},"modified":"2026-03-23T17:27:21","modified_gmt":"2026-03-23T17:27:21","slug":"toba-xl","status":"publish","type":"product","link":"https:\/\/urboowhome.com\/index.php\/produto\/toba-xl\/","title":{"rendered":"Toba XL"},"content":{"rendered":"","protected":false},"excerpt":{"rendered":"<p>Para espa\u00e7os maiores ou \u00e1rvores de maior dimens\u00e3o o Toba XL \u00e9 capaz de iluminar em mais altura e di\u00e2metro, sendo capaz de preencher os espa\u00e7os exteriores de maior dimens\u00e3o ou complementar arquiteturas mais expressivas.<\/p>\n","protected":false},"featured_media":66905,"comment_status":"open","ping_status":"closed","template":"","meta":[],"product_brand":[],"product_cat":[122],"product_tag":[],"class_list":{"0":"post-66906","1":"product","2":"type-product","3":"status-publish","4":"has-post-thumbnail","6":"product_cat-pavimento","9":"first","10":"instock","11":"shipping-taxable","12":"purchasable","13":"product-type-simple"},"_links":{"self":[{"href":"https:\/\/urboowhome.com\/index.php\/wp-json\/wp\/v2\/product\/66906","targetHints":{"allow":["GET"]}}],"collection":[{"href":"https:\/\/urboowhome.com\/index.php\/wp-json\/wp\/v2\/product"}],"about":[{"href":"https:\/\/urboowhome.com\/index.php\/wp-json\/wp\/v2\/types\/product"}],"replies":[{"embeddable":true,"href":"https:\/\/urboowhome.com\/index.php\/wp-json\/wp\/v2\/comments?post=66906"}],"wp:featuredmedia":[{"embeddable":true,"href":"https:\/\/urboowhome.com\/index.php\/wp-json\/wp\/v2\/media\/66905"}],"wp:attachment":[{"href":"https:\/\/urboowhome.com\/index.php\/wp-json\/wp\/v2\/media?parent=66906"}],"wp:term":[{"taxonomy":"product_brand","embeddable":true,"href":"https:\/\/urboowhome.com\/index.php\/wp-json\/wp\/v2\/product_brand?post=66906"},{"taxonomy":"product_cat","embeddable":true,"href":"https:\/\/urboowhome.com\/index.php\/wp-json\/wp\/v2\/product_cat?post=66906"},{"taxonomy":"product_tag","embeddable":true,"href":"https:\/\/urboowhome.com\/index.php\/wp-json\/wp\/v2\/product_tag?post=66906"}],"curies":[{"name":"wp","href":"https:\/\/api.w.org\/{rel}","templated":true}]}}