{"id":66914,"date":"2025-08-07T13:36:04","date_gmt":"2025-08-07T13:36:04","guid":{"rendered":"https:\/\/urboowfb.com\/index.php\/produto\/chapeau\/"},"modified":"2026-03-23T17:27:21","modified_gmt":"2026-03-23T17:27:21","slug":"chapeau","status":"publish","type":"product","link":"https:\/\/urboowhome.com\/index.php\/produto\/chapeau\/","title":{"rendered":"Chapeau"},"content":{"rendered":"","protected":false},"excerpt":{"rendered":"<p>Requinte curvil\u00edneo e uma afirma\u00e7\u00e3o fresca com a lumin\u00e1ria suspensa CHAPEAU! Com a sua estrutura met\u00e1lica decorativa, o candeeiro complementa na perfei\u00e7\u00e3o qualquer sala de estar ou de jantar e confere uma leveza especial \u00e0 sua casa com o seu delicado jogo de luz e sombra. A caixa met\u00e1lica da lumin\u00e1ria tem um design preto mate e, por isso, combina perfeitamente com v\u00e1rios estilos de mobili\u00e1rio. A utiliza\u00e7\u00e3o de fontes de luz LED \u00e9 recomendada para uma ilumina\u00e7\u00e3o economizadora de energia. Estas s\u00e3o uma alternativa ideal \u00e0s fontes de luz de halog\u00e9neo convencionais e oferecem uma elevada qualidade de luz e uma poupan\u00e7a de energia at\u00e9 80%. Com as fontes de luz LED, tamb\u00e9m beneficia de uma longa vida \u00fatil e de uma baixa produ\u00e7\u00e3o de calor, protegendo o ambiente.<\/p>\n","protected":false},"featured_media":66913,"comment_status":"open","ping_status":"closed","template":"","meta":[],"product_brand":[],"product_cat":[115],"product_tag":[163],"class_list":{"0":"post-66914","1":"product","2":"type-product","3":"status-publish","4":"has-post-thumbnail","6":"product_cat-pendentes","7":"product_tag-chapeau","10":"first","11":"instock","12":"shipping-taxable","13":"purchasable","14":"product-type-simple"},"_links":{"self":[{"href":"https:\/\/urboowhome.com\/index.php\/wp-json\/wp\/v2\/product\/66914","targetHints":{"allow":["GET"]}}],"collection":[{"href":"https:\/\/urboowhome.com\/index.php\/wp-json\/wp\/v2\/product"}],"about":[{"href":"https:\/\/urboowhome.com\/index.php\/wp-json\/wp\/v2\/types\/product"}],"replies":[{"embeddable":true,"href":"https:\/\/urboowhome.com\/index.php\/wp-json\/wp\/v2\/comments?post=66914"}],"wp:featuredmedia":[{"embeddable":true,"href":"https:\/\/urboowhome.com\/index.php\/wp-json\/wp\/v2\/media\/66913"}],"wp:attachment":[{"href":"https:\/\/urboowhome.com\/index.php\/wp-json\/wp\/v2\/media?parent=66914"}],"wp:term":[{"taxonomy":"product_brand","embeddable":true,"href":"https:\/\/urboowhome.com\/index.php\/wp-json\/wp\/v2\/product_brand?post=66914"},{"taxonomy":"product_cat","embeddable":true,"href":"https:\/\/urboowhome.com\/index.php\/wp-json\/wp\/v2\/product_cat?post=66914"},{"taxonomy":"product_tag","embeddable":true,"href":"https:\/\/urboowhome.com\/index.php\/wp-json\/wp\/v2\/product_tag?post=66914"}],"curies":[{"name":"wp","href":"https:\/\/api.w.org\/{rel}","templated":true}]}}