{"id":66929,"date":"2025-08-07T13:36:15","date_gmt":"2025-08-07T13:36:15","guid":{"rendered":"https:\/\/urboowfb.com\/index.php\/produto\/tubular\/"},"modified":"2026-03-23T17:27:22","modified_gmt":"2026-03-23T17:27:22","slug":"tubular","status":"publish","type":"product","link":"https:\/\/urboowhome.com\/index.php\/produto\/tubular\/","title":{"rendered":"Tubular"},"content":{"rendered":"","protected":false},"excerpt":{"rendered":"<p>O design elegante da lumin\u00e1ria suspensa faz da TUBULAR um atrativo absoluto. Como ilumina\u00e7\u00e3o direccionada sobre a mesa de jantar, a lumin\u00e1ria \u00e9 particularmente eficaz e garante condi\u00e7\u00f5es de ilumina\u00e7\u00e3o ideais. Um regulador de intensidade integrado SWITCH permite regular a luminosidade de 100% para 50% e 25% atrav\u00e9s de um interrutor de luz convencional. A lumin\u00e1ria pendente de 11 luzes tem uma altura m\u00e1xima de 150 cm. As fontes de luz individuais variam em comprimento de 22 a 36 cm e podem ser encurtadas independentemente umas das outras para criar um aspeto personalizado. O pendente em preto mate pode ser maravilhosamente integrado em espa\u00e7os modernos e cria uma atmosfera agrad\u00e1vel. Al\u00e9m disso, a lumin\u00e1ria possui a moderna tecnologia LED, que se caracteriza por uma elevada qualidade de luz e efici\u00eancia energ\u00e9tica. Em compara\u00e7\u00e3o com as l\u00e2mpadas de halog\u00e9neo convencionais, \u00e9 poss\u00edvel poupar at\u00e9 80% dos custos de energia. Al\u00e9m disso, as fontes de luz LED t\u00eam uma longa vida \u00fatil, produzem menos calor e protegem o ambiente.<\/p>\n","protected":false},"featured_media":66928,"comment_status":"open","ping_status":"closed","template":"","meta":[],"product_brand":[],"product_cat":[115],"product_tag":[169,170],"class_list":{"0":"post-66929","1":"product","2":"type-product","3":"status-publish","4":"has-post-thumbnail","6":"product_cat-pendentes","7":"product_tag-pendente","8":"product_tag-tubular","11":"first","12":"instock","13":"shipping-taxable","14":"purchasable","15":"product-type-simple"},"_links":{"self":[{"href":"https:\/\/urboowhome.com\/index.php\/wp-json\/wp\/v2\/product\/66929","targetHints":{"allow":["GET"]}}],"collection":[{"href":"https:\/\/urboowhome.com\/index.php\/wp-json\/wp\/v2\/product"}],"about":[{"href":"https:\/\/urboowhome.com\/index.php\/wp-json\/wp\/v2\/types\/product"}],"replies":[{"embeddable":true,"href":"https:\/\/urboowhome.com\/index.php\/wp-json\/wp\/v2\/comments?post=66929"}],"wp:featuredmedia":[{"embeddable":true,"href":"https:\/\/urboowhome.com\/index.php\/wp-json\/wp\/v2\/media\/66928"}],"wp:attachment":[{"href":"https:\/\/urboowhome.com\/index.php\/wp-json\/wp\/v2\/media?parent=66929"}],"wp:term":[{"taxonomy":"product_brand","embeddable":true,"href":"https:\/\/urboowhome.com\/index.php\/wp-json\/wp\/v2\/product_brand?post=66929"},{"taxonomy":"product_cat","embeddable":true,"href":"https:\/\/urboowhome.com\/index.php\/wp-json\/wp\/v2\/product_cat?post=66929"},{"taxonomy":"product_tag","embeddable":true,"href":"https:\/\/urboowhome.com\/index.php\/wp-json\/wp\/v2\/product_tag?post=66929"}],"curies":[{"name":"wp","href":"https:\/\/api.w.org\/{rel}","templated":true}]}}