{"id":66931,"date":"2025-08-07T13:36:16","date_gmt":"2025-08-07T13:36:16","guid":{"rendered":"https:\/\/urboowfb.com\/index.php\/produto\/cross\/"},"modified":"2026-03-23T17:27:22","modified_gmt":"2026-03-23T17:27:22","slug":"cross","status":"publish","type":"product","link":"https:\/\/urboowhome.com\/index.php\/produto\/cross\/","title":{"rendered":"Cross"},"content":{"rendered":"","protected":false},"excerpt":{"rendered":"<p>N\u00e3o convencional, criativo e orientado para o design. As lumin\u00e1rias minimalistas, como a s\u00e9rie CROSS, d\u00e3o um toque excitante e iluminam as divis\u00f5es. A escolha de cores e formas cria contrastes &#8211; combinados de forma inteligente, criam um componente acolhedor e um ambiente elegante. A lumin\u00e1ria \u00e9 um complemento de bom gosto para quase todos os interiores e, com um comprimento de suspens\u00e3o individual de no m\u00e1x. 150 cm e uma largura de 100 cm, pode ser posicionada de forma ideal por cima de uma mesa de jantar grande ou na \u00e1rea de entrada. Para uma apar\u00eancia harmoniosa, recomendamos a utiliza\u00e7\u00e3o de uma fonte de luz de incandesc\u00eancia, uma vez que tem uma vis\u00e3o direta da fonte de luz. A estrutura met\u00e1lica simples e rectil\u00ednea em preto mate com suportes de l\u00e2mpadas cor de bronze cria um aspeto geral harmonioso. Para uma ilumina\u00e7\u00e3o economizadora de energia, recomenda-se a utiliza\u00e7\u00e3o de uma l\u00e2mpada LED. Estas s\u00e3o uma \u00f3ptima alternativa \u00e0s l\u00e2mpadas de halog\u00e9neo convencionais e representam uma elevada qualidade de luz e uma poupan\u00e7a de energia de at\u00e9 80%. Al\u00e9m disso, as l\u00e2mpadas LED ajudam-no a beneficiar de uma longa vida \u00fatil, de uma baixa produ\u00e7\u00e3o de calor e, ao mesmo tempo, protegem o ambiente.<\/p>\n","protected":false},"featured_media":66930,"comment_status":"open","ping_status":"closed","template":"","meta":[],"product_brand":[],"product_cat":[115],"product_tag":[171,169],"class_list":{"0":"post-66931","1":"product","2":"type-product","3":"status-publish","4":"has-post-thumbnail","6":"product_cat-pendentes","7":"product_tag-cross","8":"product_tag-pendente","11":"first","12":"instock","13":"shipping-taxable","14":"purchasable","15":"product-type-simple"},"_links":{"self":[{"href":"https:\/\/urboowhome.com\/index.php\/wp-json\/wp\/v2\/product\/66931","targetHints":{"allow":["GET"]}}],"collection":[{"href":"https:\/\/urboowhome.com\/index.php\/wp-json\/wp\/v2\/product"}],"about":[{"href":"https:\/\/urboowhome.com\/index.php\/wp-json\/wp\/v2\/types\/product"}],"replies":[{"embeddable":true,"href":"https:\/\/urboowhome.com\/index.php\/wp-json\/wp\/v2\/comments?post=66931"}],"wp:featuredmedia":[{"embeddable":true,"href":"https:\/\/urboowhome.com\/index.php\/wp-json\/wp\/v2\/media\/66930"}],"wp:attachment":[{"href":"https:\/\/urboowhome.com\/index.php\/wp-json\/wp\/v2\/media?parent=66931"}],"wp:term":[{"taxonomy":"product_brand","embeddable":true,"href":"https:\/\/urboowhome.com\/index.php\/wp-json\/wp\/v2\/product_brand?post=66931"},{"taxonomy":"product_cat","embeddable":true,"href":"https:\/\/urboowhome.com\/index.php\/wp-json\/wp\/v2\/product_cat?post=66931"},{"taxonomy":"product_tag","embeddable":true,"href":"https:\/\/urboowhome.com\/index.php\/wp-json\/wp\/v2\/product_tag?post=66931"}],"curies":[{"name":"wp","href":"https:\/\/api.w.org\/{rel}","templated":true}]}}