{"id":66938,"date":"2025-08-07T13:36:19","date_gmt":"2025-08-07T13:36:19","guid":{"rendered":"https:\/\/urboowfb.com\/index.php\/produto\/oslo-o40-2\/"},"modified":"2026-03-23T17:27:22","modified_gmt":"2026-03-23T17:27:22","slug":"oslo-o40-2","status":"publish","type":"product","link":"https:\/\/urboowhome.com\/index.php\/produto\/oslo-o40-2\/","title":{"rendered":"Oslo ?40"},"content":{"rendered":"","protected":false},"excerpt":{"rendered":"<p>Oslo \u00e9 uma fam\u00edlia simples e elegante de candeeiros feitos de metal e madeira de carvalho. A combina\u00e7\u00e3o dos materiais confere aos candeeiros um aspeto minimalista e escandinavo. Foi daqui que surgiu o nome Oslo. Todos os candeeiros est\u00e3o dispon\u00edveis em duas cores pintadas a mate, preto e branco. A cole\u00e7\u00e3o satisfaz a maioria das exig\u00eancias, gra\u00e7as aos muitos modelos (tr\u00eas candeeiros pendentes e um para mesa, ch\u00e3o e parede).<\/p>\n","protected":false},"featured_media":66937,"comment_status":"open","ping_status":"closed","template":"","meta":[],"product_brand":[],"product_cat":[115],"product_tag":[173,169],"class_list":{"0":"post-66938","1":"product","2":"type-product","3":"status-publish","4":"has-post-thumbnail","6":"product_cat-pendentes","7":"product_tag-oslo","8":"product_tag-pendente","11":"first","12":"instock","13":"shipping-taxable","14":"purchasable","15":"product-type-simple"},"_links":{"self":[{"href":"https:\/\/urboowhome.com\/index.php\/wp-json\/wp\/v2\/product\/66938","targetHints":{"allow":["GET"]}}],"collection":[{"href":"https:\/\/urboowhome.com\/index.php\/wp-json\/wp\/v2\/product"}],"about":[{"href":"https:\/\/urboowhome.com\/index.php\/wp-json\/wp\/v2\/types\/product"}],"replies":[{"embeddable":true,"href":"https:\/\/urboowhome.com\/index.php\/wp-json\/wp\/v2\/comments?post=66938"}],"wp:featuredmedia":[{"embeddable":true,"href":"https:\/\/urboowhome.com\/index.php\/wp-json\/wp\/v2\/media\/66937"}],"wp:attachment":[{"href":"https:\/\/urboowhome.com\/index.php\/wp-json\/wp\/v2\/media?parent=66938"}],"wp:term":[{"taxonomy":"product_brand","embeddable":true,"href":"https:\/\/urboowhome.com\/index.php\/wp-json\/wp\/v2\/product_brand?post=66938"},{"taxonomy":"product_cat","embeddable":true,"href":"https:\/\/urboowhome.com\/index.php\/wp-json\/wp\/v2\/product_cat?post=66938"},{"taxonomy":"product_tag","embeddable":true,"href":"https:\/\/urboowhome.com\/index.php\/wp-json\/wp\/v2\/product_tag?post=66938"}],"curies":[{"name":"wp","href":"https:\/\/api.w.org\/{rel}","templated":true}]}}