{"id":66951,"date":"2025-08-07T13:36:25","date_gmt":"2025-08-07T13:36:25","guid":{"rendered":"https:\/\/urboowfb.com\/index.php\/produto\/kikki\/"},"modified":"2026-03-23T17:27:22","modified_gmt":"2026-03-23T17:27:22","slug":"kikki","status":"publish","type":"product","link":"https:\/\/urboowhome.com\/index.php\/produto\/kikki\/","title":{"rendered":"Kikki"},"content":{"rendered":"","protected":false},"excerpt":{"rendered":"<p>O candeeiro suspenso simples da s\u00e9rie TL inspira com o seu belo design. A partir de uma lumin\u00e1ria de teto redonda, passa um cabo de 1,2 metros de comprimento com decora\u00e7\u00f5es em madeira at\u00e9 um casquilho E27 com um abajur em tecido (\u00d8 38 cm) em preto. O casquilho E27 permite-lhe determinar a cor e a intensidade da luz at\u00e9 uma pot\u00eancia m\u00e1xima de 40 watts. Devido \u00e0 sua longevidade e economia de energia, recomendamos as l\u00e2mpadas LED.<\/p>\n","protected":false},"featured_media":66950,"comment_status":"open","ping_status":"closed","template":"","meta":[],"product_brand":[],"product_cat":[115],"product_tag":[176,169],"class_list":{"0":"post-66951","1":"product","2":"type-product","3":"status-publish","4":"has-post-thumbnail","6":"product_cat-pendentes","7":"product_tag-kikki","8":"product_tag-pendente","11":"first","12":"instock","13":"shipping-taxable","14":"purchasable","15":"product-type-simple"},"_links":{"self":[{"href":"https:\/\/urboowhome.com\/index.php\/wp-json\/wp\/v2\/product\/66951","targetHints":{"allow":["GET"]}}],"collection":[{"href":"https:\/\/urboowhome.com\/index.php\/wp-json\/wp\/v2\/product"}],"about":[{"href":"https:\/\/urboowhome.com\/index.php\/wp-json\/wp\/v2\/types\/product"}],"replies":[{"embeddable":true,"href":"https:\/\/urboowhome.com\/index.php\/wp-json\/wp\/v2\/comments?post=66951"}],"wp:featuredmedia":[{"embeddable":true,"href":"https:\/\/urboowhome.com\/index.php\/wp-json\/wp\/v2\/media\/66950"}],"wp:attachment":[{"href":"https:\/\/urboowhome.com\/index.php\/wp-json\/wp\/v2\/media?parent=66951"}],"wp:term":[{"taxonomy":"product_brand","embeddable":true,"href":"https:\/\/urboowhome.com\/index.php\/wp-json\/wp\/v2\/product_brand?post=66951"},{"taxonomy":"product_cat","embeddable":true,"href":"https:\/\/urboowhome.com\/index.php\/wp-json\/wp\/v2\/product_cat?post=66951"},{"taxonomy":"product_tag","embeddable":true,"href":"https:\/\/urboowhome.com\/index.php\/wp-json\/wp\/v2\/product_tag?post=66951"}],"curies":[{"name":"wp","href":"https:\/\/api.w.org\/{rel}","templated":true}]}}