{"id":66954,"date":"2025-08-07T13:36:31","date_gmt":"2025-08-07T13:36:31","guid":{"rendered":"https:\/\/urboowfb.com\/index.php\/produto\/blacky-i\/"},"modified":"2026-03-23T17:27:22","modified_gmt":"2026-03-23T17:27:22","slug":"blacky-i","status":"publish","type":"product","link":"https:\/\/urboowhome.com\/index.php\/produto\/blacky-i\/","title":{"rendered":"Blacky I"},"content":{"rendered":"","protected":false},"excerpt":{"rendered":"<p>Este candeeiro de suspens\u00e3o redondo (\u00f8 30 cm) convence pelo seu design elegante feito de metal cor de lat\u00e3o e vidro fumado. \u00c9 constitu\u00edda por um abajur redondo em vidro fumado, que \u00e9 fornecido com elementos met\u00e1licos em lat\u00e3o e fica pendurado no teto por um cabo preto. A altura do candeeiro suspenso pode ser ajustada at\u00e9 120 cm durante a instala\u00e7\u00e3o. Al\u00e9m disso, o casquilho E27 no interior do abajur de vidro pode ser equipado com uma fonte de luz adequada \u00e0 sua escolha, permitindo-lhe determinar individualmente a cor e o brilho da luz. Com v\u00e1rios modelos da mesma s\u00e9rie, pode criar um ambiente elegante nos seus interiores e completar o quadro geral.<\/p>\n","protected":false},"featured_media":66953,"comment_status":"open","ping_status":"closed","template":"","meta":[],"product_brand":[],"product_cat":[115],"product_tag":[177,169],"class_list":{"0":"post-66954","1":"product","2":"type-product","3":"status-publish","4":"has-post-thumbnail","6":"product_cat-pendentes","7":"product_tag-blacky","8":"product_tag-pendente","11":"first","12":"instock","13":"shipping-taxable","14":"purchasable","15":"product-type-simple"},"_links":{"self":[{"href":"https:\/\/urboowhome.com\/index.php\/wp-json\/wp\/v2\/product\/66954","targetHints":{"allow":["GET"]}}],"collection":[{"href":"https:\/\/urboowhome.com\/index.php\/wp-json\/wp\/v2\/product"}],"about":[{"href":"https:\/\/urboowhome.com\/index.php\/wp-json\/wp\/v2\/types\/product"}],"replies":[{"embeddable":true,"href":"https:\/\/urboowhome.com\/index.php\/wp-json\/wp\/v2\/comments?post=66954"}],"wp:featuredmedia":[{"embeddable":true,"href":"https:\/\/urboowhome.com\/index.php\/wp-json\/wp\/v2\/media\/66953"}],"wp:attachment":[{"href":"https:\/\/urboowhome.com\/index.php\/wp-json\/wp\/v2\/media?parent=66954"}],"wp:term":[{"taxonomy":"product_brand","embeddable":true,"href":"https:\/\/urboowhome.com\/index.php\/wp-json\/wp\/v2\/product_brand?post=66954"},{"taxonomy":"product_cat","embeddable":true,"href":"https:\/\/urboowhome.com\/index.php\/wp-json\/wp\/v2\/product_cat?post=66954"},{"taxonomy":"product_tag","embeddable":true,"href":"https:\/\/urboowhome.com\/index.php\/wp-json\/wp\/v2\/product_tag?post=66954"}],"curies":[{"name":"wp","href":"https:\/\/api.w.org\/{rel}","templated":true}]}}