{"id":66958,"date":"2025-08-07T13:36:34","date_gmt":"2025-08-07T13:36:34","guid":{"rendered":"https:\/\/urboowfb.com\/index.php\/produto\/riha\/"},"modified":"2026-03-23T17:27:22","modified_gmt":"2026-03-23T17:27:22","slug":"riha","status":"publish","type":"product","link":"https:\/\/urboowhome.com\/index.php\/produto\/riha\/","title":{"rendered":"Riha"},"content":{"rendered":"","protected":false},"excerpt":{"rendered":"<p>Descubra o fascinante candeeiro suspenso RIHA, que impressiona pelo seu design intemporal e car\u00e1cter \u00fanico. Feito em metal preto fosco e vidro fumado, acrescenta uma eleg\u00e2ncia moderna a qualquer ambiente. O cabo em PVC transparente permite ajustar a altura ao seu gosto, criando assim o ambiente perfeito. Com os diferentes di\u00e2metros de vidro (6&#215;10 cm, 5&#215;12 cm, 2&#215;15 cm), o RIHA cria um efeito de ilumina\u00e7\u00e3o fascinante. As 13 l\u00e2mpadas LED G9 inclu\u00eddas (3,5 W, 230 V, fonte de 350 lm, sa\u00edda de 130 lm, 3000 K) fornecem ilumina\u00e7\u00e3o energeticamente eficiente com luz branca quente. Com dimens\u00f5es de 1200 x 345 x 1200 mm, o RIHA integra-se harmoniosamente em qualquer divis\u00e3o e chama a aten\u00e7\u00e3o na sua casa. Deixe o RIHA levar o seu ambiente de vida a um novo n\u00edvel!<\/p>\n","protected":false},"featured_media":66957,"comment_status":"open","ping_status":"closed","template":"","meta":[],"product_brand":[],"product_cat":[115],"product_tag":[178,169,179],"class_list":{"0":"post-66958","1":"product","2":"type-product","3":"status-publish","4":"has-post-thumbnail","6":"product_cat-pendentes","7":"product_tag-candeeiro","8":"product_tag-pendente","9":"product_tag-riha","12":"first","13":"instock","14":"shipping-taxable","15":"purchasable","16":"product-type-simple"},"_links":{"self":[{"href":"https:\/\/urboowhome.com\/index.php\/wp-json\/wp\/v2\/product\/66958","targetHints":{"allow":["GET"]}}],"collection":[{"href":"https:\/\/urboowhome.com\/index.php\/wp-json\/wp\/v2\/product"}],"about":[{"href":"https:\/\/urboowhome.com\/index.php\/wp-json\/wp\/v2\/types\/product"}],"replies":[{"embeddable":true,"href":"https:\/\/urboowhome.com\/index.php\/wp-json\/wp\/v2\/comments?post=66958"}],"wp:featuredmedia":[{"embeddable":true,"href":"https:\/\/urboowhome.com\/index.php\/wp-json\/wp\/v2\/media\/66957"}],"wp:attachment":[{"href":"https:\/\/urboowhome.com\/index.php\/wp-json\/wp\/v2\/media?parent=66958"}],"wp:term":[{"taxonomy":"product_brand","embeddable":true,"href":"https:\/\/urboowhome.com\/index.php\/wp-json\/wp\/v2\/product_brand?post=66958"},{"taxonomy":"product_cat","embeddable":true,"href":"https:\/\/urboowhome.com\/index.php\/wp-json\/wp\/v2\/product_cat?post=66958"},{"taxonomy":"product_tag","embeddable":true,"href":"https:\/\/urboowhome.com\/index.php\/wp-json\/wp\/v2\/product_tag?post=66958"}],"curies":[{"name":"wp","href":"https:\/\/api.w.org\/{rel}","templated":true}]}}