{"id":66978,"date":"2025-08-07T13:36:54","date_gmt":"2025-08-07T13:36:54","guid":{"rendered":"https:\/\/urboowfb.com\/index.php\/produto\/plat\/"},"modified":"2026-03-23T17:27:22","modified_gmt":"2026-03-23T17:27:22","slug":"plat","status":"publish","type":"product","link":"https:\/\/urboowhome.com\/index.php\/produto\/plat\/","title":{"rendered":"Plat"},"content":{"rendered":"","protected":false},"excerpt":{"rendered":"<p>PLAT \u00e9 um candeeiro suspenso de estilo minimalista. O foco est\u00e1 na l\u00e2mpada, que \u00e9 mostrada em todo o seu esplendor. Dispon\u00edvel em duas cores que combinam na perfei\u00e7\u00e3o com o estilo escandinavo.<\/p>\n","protected":false},"featured_media":66977,"comment_status":"open","ping_status":"closed","template":"","meta":[],"product_brand":[],"product_cat":[115],"product_tag":[178,169,181],"class_list":{"0":"post-66978","1":"product","2":"type-product","3":"status-publish","4":"has-post-thumbnail","6":"product_cat-pendentes","7":"product_tag-candeeiro","8":"product_tag-pendente","9":"product_tag-plat","12":"first","13":"instock","14":"shipping-taxable","15":"purchasable","16":"product-type-simple"},"_links":{"self":[{"href":"https:\/\/urboowhome.com\/index.php\/wp-json\/wp\/v2\/product\/66978","targetHints":{"allow":["GET"]}}],"collection":[{"href":"https:\/\/urboowhome.com\/index.php\/wp-json\/wp\/v2\/product"}],"about":[{"href":"https:\/\/urboowhome.com\/index.php\/wp-json\/wp\/v2\/types\/product"}],"replies":[{"embeddable":true,"href":"https:\/\/urboowhome.com\/index.php\/wp-json\/wp\/v2\/comments?post=66978"}],"wp:featuredmedia":[{"embeddable":true,"href":"https:\/\/urboowhome.com\/index.php\/wp-json\/wp\/v2\/media\/66977"}],"wp:attachment":[{"href":"https:\/\/urboowhome.com\/index.php\/wp-json\/wp\/v2\/media?parent=66978"}],"wp:term":[{"taxonomy":"product_brand","embeddable":true,"href":"https:\/\/urboowhome.com\/index.php\/wp-json\/wp\/v2\/product_brand?post=66978"},{"taxonomy":"product_cat","embeddable":true,"href":"https:\/\/urboowhome.com\/index.php\/wp-json\/wp\/v2\/product_cat?post=66978"},{"taxonomy":"product_tag","embeddable":true,"href":"https:\/\/urboowhome.com\/index.php\/wp-json\/wp\/v2\/product_tag?post=66978"}],"curies":[{"name":"wp","href":"https:\/\/api.w.org\/{rel}","templated":true}]}}