{"id":66982,"date":"2025-08-07T13:37:06","date_gmt":"2025-08-07T13:37:06","guid":{"rendered":"https:\/\/urboowfb.com\/index.php\/produto\/plat-5l\/"},"modified":"2026-03-23T17:27:23","modified_gmt":"2026-03-23T17:27:23","slug":"plat-5l","status":"publish","type":"product","link":"https:\/\/urboowhome.com\/index.php\/produto\/plat-5l\/","title":{"rendered":"Plat 5L"},"content":{"rendered":"","protected":false},"excerpt":{"rendered":"<p>PLAT \u00e9 uma lumin\u00e1ria pendente com estilo minimalista. A aten\u00e7\u00e3o recai sobre a l\u00e2mpada mostrada em todo o seu esplendor. Combina perfeitamente com o estilo escandinavo. Vers\u00e3o com ros\u00e1cea de teto com 5 luzes.<\/p>\n","protected":false},"featured_media":66981,"comment_status":"open","ping_status":"closed","template":"","meta":[],"product_brand":[],"product_cat":[115],"product_tag":[146,178,169],"class_list":{"0":"post-66982","1":"product","2":"type-product","3":"status-publish","4":"has-post-thumbnail","6":"product_cat-pendentes","7":"product_tag-5l","8":"product_tag-candeeiro","9":"product_tag-pendente","12":"first","13":"instock","14":"shipping-taxable","15":"purchasable","16":"product-type-simple"},"_links":{"self":[{"href":"https:\/\/urboowhome.com\/index.php\/wp-json\/wp\/v2\/product\/66982","targetHints":{"allow":["GET"]}}],"collection":[{"href":"https:\/\/urboowhome.com\/index.php\/wp-json\/wp\/v2\/product"}],"about":[{"href":"https:\/\/urboowhome.com\/index.php\/wp-json\/wp\/v2\/types\/product"}],"replies":[{"embeddable":true,"href":"https:\/\/urboowhome.com\/index.php\/wp-json\/wp\/v2\/comments?post=66982"}],"wp:featuredmedia":[{"embeddable":true,"href":"https:\/\/urboowhome.com\/index.php\/wp-json\/wp\/v2\/media\/66981"}],"wp:attachment":[{"href":"https:\/\/urboowhome.com\/index.php\/wp-json\/wp\/v2\/media?parent=66982"}],"wp:term":[{"taxonomy":"product_brand","embeddable":true,"href":"https:\/\/urboowhome.com\/index.php\/wp-json\/wp\/v2\/product_brand?post=66982"},{"taxonomy":"product_cat","embeddable":true,"href":"https:\/\/urboowhome.com\/index.php\/wp-json\/wp\/v2\/product_cat?post=66982"},{"taxonomy":"product_tag","embeddable":true,"href":"https:\/\/urboowhome.com\/index.php\/wp-json\/wp\/v2\/product_tag?post=66982"}],"curies":[{"name":"wp","href":"https:\/\/api.w.org\/{rel}","templated":true}]}}