{"id":67007,"date":"2025-08-07T13:37:26","date_gmt":"2025-08-07T13:37:26","guid":{"rendered":"https:\/\/urboowfb.com\/index.php\/produto\/versale\/"},"modified":"2026-03-23T17:27:24","modified_gmt":"2026-03-23T17:27:24","slug":"versale","status":"publish","type":"product","link":"https:\/\/urboowhome.com\/index.php\/produto\/versale\/","title":{"rendered":"Versale"},"content":{"rendered":"","protected":false},"excerpt":{"rendered":"<p>A s\u00e9rie Versale do Anker Studio \u00e9 o ep\u00edtome do minimalismo escandinavo cortado at\u00e9 ao \u00e2mago. Um abajur perfeitamente redondo com uma superf\u00edcie de luz uniforme, apenas perturbada pela moldura perfurante. O candeeiro suspenso pode facilmente criar o ambiente perfeito para a sua sala de jantar com uma luz agrad\u00e1vel e sem reflexos.<\/p>\n","protected":false},"featured_media":67006,"comment_status":"open","ping_status":"closed","template":"","meta":[],"product_brand":[],"product_cat":[115],"product_tag":[188],"class_list":{"0":"post-67007","1":"product","2":"type-product","3":"status-publish","4":"has-post-thumbnail","6":"product_cat-pendentes","7":"product_tag-versale","10":"first","11":"instock","12":"featured","13":"shipping-taxable","14":"purchasable","15":"product-type-simple"},"_links":{"self":[{"href":"https:\/\/urboowhome.com\/index.php\/wp-json\/wp\/v2\/product\/67007","targetHints":{"allow":["GET"]}}],"collection":[{"href":"https:\/\/urboowhome.com\/index.php\/wp-json\/wp\/v2\/product"}],"about":[{"href":"https:\/\/urboowhome.com\/index.php\/wp-json\/wp\/v2\/types\/product"}],"replies":[{"embeddable":true,"href":"https:\/\/urboowhome.com\/index.php\/wp-json\/wp\/v2\/comments?post=67007"}],"wp:featuredmedia":[{"embeddable":true,"href":"https:\/\/urboowhome.com\/index.php\/wp-json\/wp\/v2\/media\/67006"}],"wp:attachment":[{"href":"https:\/\/urboowhome.com\/index.php\/wp-json\/wp\/v2\/media?parent=67007"}],"wp:term":[{"taxonomy":"product_brand","embeddable":true,"href":"https:\/\/urboowhome.com\/index.php\/wp-json\/wp\/v2\/product_brand?post=67007"},{"taxonomy":"product_cat","embeddable":true,"href":"https:\/\/urboowhome.com\/index.php\/wp-json\/wp\/v2\/product_cat?post=67007"},{"taxonomy":"product_tag","embeddable":true,"href":"https:\/\/urboowhome.com\/index.php\/wp-json\/wp\/v2\/product_tag?post=67007"}],"curies":[{"name":"wp","href":"https:\/\/api.w.org\/{rel}","templated":true}]}}