{"id":67021,"date":"2025-08-07T13:37:44","date_gmt":"2025-08-07T13:37:44","guid":{"rendered":"https:\/\/urboowfb.com\/index.php\/produto\/fuji-6-gold\/"},"modified":"2026-03-23T17:27:24","modified_gmt":"2026-03-23T17:27:24","slug":"fuji-6-gold","status":"publish","type":"product","link":"https:\/\/urboowhome.com\/index.php\/produto\/fuji-6-gold\/","title":{"rendered":"Fuji 6 Gold"},"content":{"rendered":"","protected":false},"excerpt":{"rendered":"<p>Esta \u00e9 uma incr\u00edvel s\u00e9rie de l\u00e2mpadas \u201caranha\u201d, numa vers\u00e3o moderna e atrativa. Muitas possibilidades de disposi\u00e7\u00e3o, design original &#8211; gra\u00e7as \u00e0 combina\u00e7\u00e3o de tr\u00eas tampas de l\u00e2mpadas diferentes, a l\u00e2mpada parece \u00fanica e certamente chama a aten\u00e7\u00e3o. A s\u00e9rie FUJI \u00e9 uma excelente escolha para todos os tipos de interiores, especialmente salas industriais altas. Veja como o candeeiro FUJI vai mudar o seu interior, conferindo-lhe uma express\u00e3o \u00fanica.<\/p>\n","protected":false},"featured_media":67020,"comment_status":"open","ping_status":"closed","template":"","meta":[],"product_brand":[],"product_cat":[115],"product_tag":[140,189,190,191],"class_list":{"0":"post-67021","1":"product","2":"type-product","3":"status-publish","4":"has-post-thumbnail","6":"product_cat-pendentes","7":"product_tag-emibig","8":"product_tag-fuji","9":"product_tag-fuji-6-gold","10":"product_tag-gold","13":"first","14":"instock","15":"shipping-taxable","16":"purchasable","17":"product-type-simple"},"_links":{"self":[{"href":"https:\/\/urboowhome.com\/index.php\/wp-json\/wp\/v2\/product\/67021","targetHints":{"allow":["GET"]}}],"collection":[{"href":"https:\/\/urboowhome.com\/index.php\/wp-json\/wp\/v2\/product"}],"about":[{"href":"https:\/\/urboowhome.com\/index.php\/wp-json\/wp\/v2\/types\/product"}],"replies":[{"embeddable":true,"href":"https:\/\/urboowhome.com\/index.php\/wp-json\/wp\/v2\/comments?post=67021"}],"wp:featuredmedia":[{"embeddable":true,"href":"https:\/\/urboowhome.com\/index.php\/wp-json\/wp\/v2\/media\/67020"}],"wp:attachment":[{"href":"https:\/\/urboowhome.com\/index.php\/wp-json\/wp\/v2\/media?parent=67021"}],"wp:term":[{"taxonomy":"product_brand","embeddable":true,"href":"https:\/\/urboowhome.com\/index.php\/wp-json\/wp\/v2\/product_brand?post=67021"},{"taxonomy":"product_cat","embeddable":true,"href":"https:\/\/urboowhome.com\/index.php\/wp-json\/wp\/v2\/product_cat?post=67021"},{"taxonomy":"product_tag","embeddable":true,"href":"https:\/\/urboowhome.com\/index.php\/wp-json\/wp\/v2\/product_tag?post=67021"}],"curies":[{"name":"wp","href":"https:\/\/api.w.org\/{rel}","templated":true}]}}