{"id":67026,"date":"2025-08-07T13:37:48","date_gmt":"2025-08-07T13:37:48","guid":{"rendered":"https:\/\/urboowfb.com\/index.php\/produto\/elit-3\/"},"modified":"2026-03-23T17:27:24","modified_gmt":"2026-03-23T17:27:24","slug":"elit-3","status":"publish","type":"product","link":"https:\/\/urboowhome.com\/index.php\/produto\/elit-3\/","title":{"rendered":"Elit 3"},"content":{"rendered":"","protected":false},"excerpt":{"rendered":"<p>ELIT \u00e9 uma ilumina\u00e7\u00e3o \u00fanica com um design moderno e minimalista, perfeita para os amantes da est\u00e9tica simples e espetacular. A forma lisa e o metal com revestimento em p\u00f3 conferem \u00e0 l\u00e2mpada uma apar\u00eancia \u00fanica que se adapta perfeitamente a interiores modernos. Dispon\u00edvel em preto ou ouro preto. A s\u00e9rie ELIT \u00e9 um complemento universal para v\u00e1rios espa\u00e7os, tanto residenciais como de escrit\u00f3rios. Para 1, 3, 4 ou 6 fontes de luz.<\/p>\n","protected":false},"featured_media":67025,"comment_status":"open","ping_status":"closed","template":"","meta":[],"product_brand":[],"product_cat":[115],"product_tag":[192,193,140],"class_list":{"0":"post-67026","1":"product","2":"type-product","3":"status-publish","4":"has-post-thumbnail","6":"product_cat-pendentes","7":"product_tag-elit","8":"product_tag-elit-3","9":"product_tag-emibig","12":"first","13":"instock","14":"shipping-taxable","15":"purchasable","16":"product-type-simple"},"_links":{"self":[{"href":"https:\/\/urboowhome.com\/index.php\/wp-json\/wp\/v2\/product\/67026","targetHints":{"allow":["GET"]}}],"collection":[{"href":"https:\/\/urboowhome.com\/index.php\/wp-json\/wp\/v2\/product"}],"about":[{"href":"https:\/\/urboowhome.com\/index.php\/wp-json\/wp\/v2\/types\/product"}],"replies":[{"embeddable":true,"href":"https:\/\/urboowhome.com\/index.php\/wp-json\/wp\/v2\/comments?post=67026"}],"wp:featuredmedia":[{"embeddable":true,"href":"https:\/\/urboowhome.com\/index.php\/wp-json\/wp\/v2\/media\/67025"}],"wp:attachment":[{"href":"https:\/\/urboowhome.com\/index.php\/wp-json\/wp\/v2\/media?parent=67026"}],"wp:term":[{"taxonomy":"product_brand","embeddable":true,"href":"https:\/\/urboowhome.com\/index.php\/wp-json\/wp\/v2\/product_brand?post=67026"},{"taxonomy":"product_cat","embeddable":true,"href":"https:\/\/urboowhome.com\/index.php\/wp-json\/wp\/v2\/product_cat?post=67026"},{"taxonomy":"product_tag","embeddable":true,"href":"https:\/\/urboowhome.com\/index.php\/wp-json\/wp\/v2\/product_tag?post=67026"}],"curies":[{"name":"wp","href":"https:\/\/api.w.org\/{rel}","templated":true}]}}