{"id":67036,"date":"2025-08-07T13:37:57","date_gmt":"2025-08-07T13:37:57","guid":{"rendered":"https:\/\/urboowfb.com\/index.php\/produto\/space-6\/"},"modified":"2026-03-23T17:27:24","modified_gmt":"2026-03-23T17:27:24","slug":"space-6","status":"publish","type":"product","link":"https:\/\/urboowhome.com\/index.php\/produto\/space-6\/","title":{"rendered":"Space 6"},"content":{"rendered":"","protected":false},"excerpt":{"rendered":"<p>Ilumina\u00e7\u00e3o de teto moderna que ir\u00e1 atender \u00e0s suas expectativas. Este candeeiro de teto enquadra-se perfeitamente nas tend\u00eancias minimalistas, mas ao mesmo tempo encanta pela sua forma original e design \u00fanico. Acrescenta um car\u00e1ter \u00fanico ao espa\u00e7o e cria uma atmosfera \u00fanica. Cabe perfeitamente tanto na sala, no quarto quanto na cozinha acima da ilha ou mesa de jantar. As cores cl\u00e1ssicas &#8211; preto elegante e vidro leitoso atemporal &#8211; oferecem muitas possibilidades de arranjo e combinam perfeitamente com interiores modernos e tradicionais. O design incomum da lumin\u00e1ria chama a aten\u00e7\u00e3o, e os abajures espalhados em diferentes dire\u00e7\u00f5es iluminam efetivamente todo o ambiente.<\/p>\n","protected":false},"featured_media":67035,"comment_status":"open","ping_status":"closed","template":"","meta":[],"product_brand":[],"product_cat":[115],"product_tag":[140],"class_list":{"0":"post-67036","1":"product","2":"type-product","3":"status-publish","4":"has-post-thumbnail","6":"product_cat-pendentes","7":"product_tag-emibig","10":"first","11":"instock","12":"shipping-taxable","13":"purchasable","14":"product-type-simple"},"_links":{"self":[{"href":"https:\/\/urboowhome.com\/index.php\/wp-json\/wp\/v2\/product\/67036","targetHints":{"allow":["GET"]}}],"collection":[{"href":"https:\/\/urboowhome.com\/index.php\/wp-json\/wp\/v2\/product"}],"about":[{"href":"https:\/\/urboowhome.com\/index.php\/wp-json\/wp\/v2\/types\/product"}],"replies":[{"embeddable":true,"href":"https:\/\/urboowhome.com\/index.php\/wp-json\/wp\/v2\/comments?post=67036"}],"wp:featuredmedia":[{"embeddable":true,"href":"https:\/\/urboowhome.com\/index.php\/wp-json\/wp\/v2\/media\/67035"}],"wp:attachment":[{"href":"https:\/\/urboowhome.com\/index.php\/wp-json\/wp\/v2\/media?parent=67036"}],"wp:term":[{"taxonomy":"product_brand","embeddable":true,"href":"https:\/\/urboowhome.com\/index.php\/wp-json\/wp\/v2\/product_brand?post=67036"},{"taxonomy":"product_cat","embeddable":true,"href":"https:\/\/urboowhome.com\/index.php\/wp-json\/wp\/v2\/product_cat?post=67036"},{"taxonomy":"product_tag","embeddable":true,"href":"https:\/\/urboowhome.com\/index.php\/wp-json\/wp\/v2\/product_tag?post=67036"}],"curies":[{"name":"wp","href":"https:\/\/api.w.org\/{rel}","templated":true}]}}