{"id":67071,"date":"2025-08-07T13:38:29","date_gmt":"2025-08-07T13:38:29","guid":{"rendered":"https:\/\/urboowfb.com\/index.php\/produto\/rossi-8-bl-grafite\/"},"modified":"2026-03-23T17:27:24","modified_gmt":"2026-03-23T17:27:24","slug":"rossi-8-bl-grafite","status":"publish","type":"product","link":"https:\/\/urboowhome.com\/index.php\/produto\/rossi-8-bl-grafite\/","title":{"rendered":"Rossi 8 Bl Grafite"},"content":{"rendered":"","protected":false},"excerpt":{"rendered":"<p>O ROSSI \u00e9 o complemento perfeito para interiores modernos e cl\u00e1ssicos em simult\u00e2neo. Parece mais eficaz quando suspenso sobre uma mesa ou uma ilha e introduz uma atmosfera \u00fanica na divis\u00e3o gra\u00e7as \u00e0 luz decorativamente difundida em 360\u00ba. A altura do equipamento pode ser ajustada livremente de acordo com suas necessidades, e os casquilhos E14 permitem uma ampla sele\u00e7\u00e3o de l\u00e2mpadas.<\/p>\n","protected":false},"featured_media":67070,"comment_status":"open","ping_status":"closed","template":"","meta":[],"product_brand":[],"product_cat":[115],"product_tag":[139],"class_list":{"0":"post-67071","1":"product","2":"type-product","3":"status-publish","4":"has-post-thumbnail","6":"product_cat-pendentes","7":"product_tag-rossi","10":"first","11":"instock","12":"shipping-taxable","13":"purchasable","14":"product-type-simple"},"_links":{"self":[{"href":"https:\/\/urboowhome.com\/index.php\/wp-json\/wp\/v2\/product\/67071","targetHints":{"allow":["GET"]}}],"collection":[{"href":"https:\/\/urboowhome.com\/index.php\/wp-json\/wp\/v2\/product"}],"about":[{"href":"https:\/\/urboowhome.com\/index.php\/wp-json\/wp\/v2\/types\/product"}],"replies":[{"embeddable":true,"href":"https:\/\/urboowhome.com\/index.php\/wp-json\/wp\/v2\/comments?post=67071"}],"wp:featuredmedia":[{"embeddable":true,"href":"https:\/\/urboowhome.com\/index.php\/wp-json\/wp\/v2\/media\/67070"}],"wp:attachment":[{"href":"https:\/\/urboowhome.com\/index.php\/wp-json\/wp\/v2\/media?parent=67071"}],"wp:term":[{"taxonomy":"product_brand","embeddable":true,"href":"https:\/\/urboowhome.com\/index.php\/wp-json\/wp\/v2\/product_brand?post=67071"},{"taxonomy":"product_cat","embeddable":true,"href":"https:\/\/urboowhome.com\/index.php\/wp-json\/wp\/v2\/product_cat?post=67071"},{"taxonomy":"product_tag","embeddable":true,"href":"https:\/\/urboowhome.com\/index.php\/wp-json\/wp\/v2\/product_tag?post=67071"}],"curies":[{"name":"wp","href":"https:\/\/api.w.org\/{rel}","templated":true}]}}