{"id":67087,"date":"2025-08-07T13:38:39","date_gmt":"2025-08-07T13:38:39","guid":{"rendered":"https:\/\/urboowfb.com\/index.php\/produto\/alton-23-2\/"},"modified":"2026-03-23T17:27:24","modified_gmt":"2026-03-23T17:27:24","slug":"alton-23-2","status":"publish","type":"product","link":"https:\/\/urboowhome.com\/index.php\/produto\/alton-23-2\/","title":{"rendered":"Alton 23"},"content":{"rendered":"","protected":false},"excerpt":{"rendered":"<p>A gama Alton oferece uma bela coer\u00eancia entre o vidro opalino branco simples e a forma arredondada, criando uma express\u00e3o elegante e cl\u00e1ssica. Inclui um topo em metal preto mate, que confere ao candeeiro um visual cl\u00e1ssico e minimalista. A combina\u00e7\u00e3o do vidro opalino branco com o metal preto mate resulta numa express\u00e3o de design moderna e sofisticada.<\/p>\n<p>O vidro deste candeeiro \u00e9 soprado \u00e0 boca e produzido manualmente. Devido a este processo \u00fanico, podem surgir bolhas de ar no vidro e a espessura do mesmo pode variar. Estas caracter\u00edsticas conferem ao vidro o seu car\u00e1ter e uma\u00a0apar\u00eancia\u00a0viva<\/p>\n","protected":false},"featured_media":67086,"comment_status":"open","ping_status":"closed","template":"","meta":[],"product_brand":[],"product_cat":[115],"product_tag":[],"class_list":{"0":"post-67087","1":"product","2":"type-product","3":"status-publish","4":"has-post-thumbnail","6":"product_cat-pendentes","9":"first","10":"instock","11":"featured","12":"shipping-taxable","13":"purchasable","14":"product-type-simple"},"_links":{"self":[{"href":"https:\/\/urboowhome.com\/index.php\/wp-json\/wp\/v2\/product\/67087","targetHints":{"allow":["GET"]}}],"collection":[{"href":"https:\/\/urboowhome.com\/index.php\/wp-json\/wp\/v2\/product"}],"about":[{"href":"https:\/\/urboowhome.com\/index.php\/wp-json\/wp\/v2\/types\/product"}],"replies":[{"embeddable":true,"href":"https:\/\/urboowhome.com\/index.php\/wp-json\/wp\/v2\/comments?post=67087"}],"wp:featuredmedia":[{"embeddable":true,"href":"https:\/\/urboowhome.com\/index.php\/wp-json\/wp\/v2\/media\/67086"}],"wp:attachment":[{"href":"https:\/\/urboowhome.com\/index.php\/wp-json\/wp\/v2\/media?parent=67087"}],"wp:term":[{"taxonomy":"product_brand","embeddable":true,"href":"https:\/\/urboowhome.com\/index.php\/wp-json\/wp\/v2\/product_brand?post=67087"},{"taxonomy":"product_cat","embeddable":true,"href":"https:\/\/urboowhome.com\/index.php\/wp-json\/wp\/v2\/product_cat?post=67087"},{"taxonomy":"product_tag","embeddable":true,"href":"https:\/\/urboowhome.com\/index.php\/wp-json\/wp\/v2\/product_tag?post=67087"}],"curies":[{"name":"wp","href":"https:\/\/api.w.org\/{rel}","templated":true}]}}